{"id":238,"date":"2021-04-11T16:16:37","date_gmt":"2021-04-11T16:16:37","guid":{"rendered":"https:\/\/eliaequitation.live-website.com\/?page_id=238"},"modified":"2023-05-25T13:34:12","modified_gmt":"2023-05-25T13:34:12","slug":"adherer","status":"publish","type":"page","link":"https:\/\/elia-equitation.fr\/?page_id=238","title":{"rendered":"Adh\u00e9rer"},"content":{"rendered":"\t\t<div data-elementor-type=\"wp-page\" data-elementor-id=\"238\" class=\"elementor elementor-238\">\n\t\t\t\t\t\t<section class=\"elementor-section elementor-top-section elementor-element elementor-element-d992f10 elementor-section-boxed elementor-section-height-default elementor-section-height-default\" data-id=\"d992f10\" data-element_type=\"section\" data-settings=\"{&quot;background_background&quot;:&quot;classic&quot;}\">\n\t\t\t\t\t\t<div class=\"elementor-container elementor-column-gap-default\">\n\t\t\t\t\t<div class=\"elementor-column elementor-col-100 elementor-top-column elementor-element elementor-element-56dd7bf\" data-id=\"56dd7bf\" data-element_type=\"column\">\n\t\t\t<div class=\"elementor-widget-wrap elementor-element-populated\">\n\t\t\t\t\t\t<div class=\"elementor-element elementor-element-8e90e8f elementor-widget elementor-widget-text-editor\" data-id=\"8e90e8f\" data-element_type=\"widget\" data-widget_type=\"text-editor.default\">\n\t\t\t\t<div class=\"elementor-widget-container\">\n\t\t\t\t\t\t\t<p>ELIA \u00c9QUITATION<\/p>\t\t\t\t\t\t<\/div>\n\t\t\t\t<\/div>\n\t\t\t\t<div class=\"elementor-element elementor-element-7a637a4 elementor-widget-divider--view-line elementor-widget elementor-widget-divider\" data-id=\"7a637a4\" data-element_type=\"widget\" data-widget_type=\"divider.default\">\n\t\t\t\t<div class=\"elementor-widget-container\">\n\t\t\t\t\t<div class=\"elementor-divider\">\n\t\t\t<span class=\"elementor-divider-separator\">\n\t\t\t\t\t\t<\/span>\n\t\t<\/div>\n\t\t\t\t<\/div>\n\t\t\t\t<\/div>\n\t\t\t\t<div class=\"elementor-element elementor-element-28b1562 elementor-widget elementor-widget-heading\" data-id=\"28b1562\" data-element_type=\"widget\" data-widget_type=\"heading.default\">\n\t\t\t\t<div class=\"elementor-widget-container\">\n\t\t\t<h2 class=\"elementor-heading-title elementor-size-default\">Adh\u00e9rer<\/h2>\t\t<\/div>\n\t\t\t\t<\/div>\n\t\t\t\t\t<\/div>\n\t\t<\/div>\n\t\t\t\t\t<\/div>\n\t\t<\/section>\n\t\t\t\t<section class=\"elementor-section elementor-top-section elementor-element elementor-element-a09747c elementor-section-boxed elementor-section-height-default elementor-section-height-default\" data-id=\"a09747c\" data-element_type=\"section\">\n\t\t\t\t\t\t<div class=\"elementor-container elementor-column-gap-default\">\n\t\t\t\t\t<div class=\"elementor-column elementor-col-50 elementor-top-column elementor-element elementor-element-ed9297a\" data-id=\"ed9297a\" data-element_type=\"column\">\n\t\t\t<div class=\"elementor-widget-wrap elementor-element-populated\">\n\t\t\t\t\t\t<div class=\"elementor-element elementor-element-bcacfdc elementor-widget elementor-widget-spacer\" data-id=\"bcacfdc\" data-element_type=\"widget\" data-widget_type=\"spacer.default\">\n\t\t\t\t<div class=\"elementor-widget-container\">\n\t\t\t\t\t<div class=\"elementor-spacer\">\n\t\t\t<div class=\"elementor-spacer-inner\"><\/div>\n\t\t<\/div>\n\t\t\t\t<\/div>\n\t\t\t\t<\/div>\n\t\t\t\t<div class=\"elementor-element elementor-element-17e8d03 elementor-widget elementor-widget-text-editor\" data-id=\"17e8d03\" data-element_type=\"widget\" data-widget_type=\"text-editor.default\">\n\t\t\t\t<div class=\"elementor-widget-container\">\n\t\t\t\t\t\t\t<p>Adh\u00e9rer \u00e0 l\u2019association vous permet de b\u00e9n\u00e9ficier de tous ces avantages : participer aux \u00e9v\u00e8nements, b\u00e9n\u00e9ficier des tarifs r\u00e9duits, etc&#8230;<\/p><p>Notre \u00e9quipe de b\u00e9n\u00e9voles sera heureuse de vous accueillir si vous souhaitez prendre part \u00e0 l&rsquo;organisation et au bon d\u00e9roulement des \u00e9v\u00e8nements, bonne ambiance garantie !<\/p><p>Pour y adh\u00e9rer, il suffit de remplir le formulaire ci-dessous et de verser une cotisation de 10 \u20ac pour l\u2019ann\u00e9e, que vous pouvez remettre \u00e0 un membre de l&rsquo;association ou \u00e0 envoyer par mail : Plouysv@gmail.com\u00a0<\/p>\t\t\t\t\t\t<\/div>\n\t\t\t\t<\/div>\n\t\t\t\t<div class=\"elementor-element elementor-element-0eea4fc elementor-mobile-align-justify elementor-align-center elementor-widget elementor-widget-button\" data-id=\"0eea4fc\" data-element_type=\"widget\" data-widget_type=\"button.default\">\n\t\t\t\t<div class=\"elementor-widget-container\">\n\t\t\t\t\t<div class=\"elementor-button-wrapper\">\n\t\t\t<a class=\"elementor-button elementor-button-link elementor-size-sm\" href=\"https:\/\/drive.google.com\/file\/d\/1LM0vwETKk9ZoMT3fWRBzUiOr1PicP7xf\/view?usp=sharing\" target=\"_blank\">\n\t\t\t\t\t\t<span class=\"elementor-button-content-wrapper\">\n\t\t\t\t\t\t\t\t\t<span class=\"elementor-button-text\">Formulaire<\/span>\n\t\t\t\t\t<\/span>\n\t\t\t\t\t<\/a>\n\t\t<\/div>\n\t\t\t\t<\/div>\n\t\t\t\t<\/div>\n\t\t\t\t\t<\/div>\n\t\t<\/div>\n\t\t\t\t<div class=\"elementor-column elementor-col-50 elementor-top-column elementor-element elementor-element-67b5e22\" data-id=\"67b5e22\" data-element_type=\"column\">\n\t\t\t<div class=\"elementor-widget-wrap elementor-element-populated\">\n\t\t\t\t\t\t<div class=\"elementor-element elementor-element-98e1b0c elementor-widget elementor-widget-spacer\" data-id=\"98e1b0c\" data-element_type=\"widget\" data-widget_type=\"spacer.default\">\n\t\t\t\t<div class=\"elementor-widget-container\">\n\t\t\t\t\t<div class=\"elementor-spacer\">\n\t\t\t<div class=\"elementor-spacer-inner\"><\/div>\n\t\t<\/div>\n\t\t\t\t<\/div>\n\t\t\t\t<\/div>\n\t\t\t\t<div class=\"elementor-element elementor-element-4c8c8ea elementor-widget elementor-widget-image\" data-id=\"4c8c8ea\" data-element_type=\"widget\" data-widget_type=\"image.default\">\n\t\t\t\t<div class=\"elementor-widget-container\">\n\t\t\t\t\t\t\t\t\t\t\t\t\t<img fetchpriority=\"high\" width=\"1024\" height=\"768\" src=\"https:\/\/elia-equitation.fr\/wp-content\/uploads\/2023\/05\/73d7a4bf-706c-4b0c-a5d8-93073eee4b2f.jpeg\" class=\"attachment-large size-large wp-image-2442\" alt=\"\" srcset=\"https:\/\/elia-equitation.fr\/wp-content\/uploads\/2023\/05\/73d7a4bf-706c-4b0c-a5d8-93073eee4b2f.jpeg 1024w, https:\/\/elia-equitation.fr\/wp-content\/uploads\/2023\/05\/73d7a4bf-706c-4b0c-a5d8-93073eee4b2f-300x225.jpeg 300w, https:\/\/elia-equitation.fr\/wp-content\/uploads\/2023\/05\/73d7a4bf-706c-4b0c-a5d8-93073eee4b2f-768x576.jpeg 768w\" sizes=\"(max-width: 1024px) 100vw, 1024px\" \/>\t\t\t\t\t\t\t\t\t\t\t\t\t<\/div>\n\t\t\t\t<\/div>\n\t\t\t\t\t<\/div>\n\t\t<\/div>\n\t\t\t\t\t<\/div>\n\t\t<\/section>\n\t\t\t\t<section class=\"elementor-section elementor-top-section elementor-element elementor-element-323cb9f elementor-section-boxed elementor-section-height-default elementor-section-height-default\" data-id=\"323cb9f\" data-element_type=\"section\">\n\t\t\t\t\t\t<div class=\"elementor-container elementor-column-gap-default\">\n\t\t\t\t\t<div class=\"elementor-column elementor-col-100 elementor-top-column elementor-element elementor-element-fdcc2a6\" data-id=\"fdcc2a6\" data-element_type=\"column\">\n\t\t\t<div class=\"elementor-widget-wrap elementor-element-populated\">\n\t\t\t\t\t\t<div class=\"elementor-element elementor-element-23d0f1e elementor-widget elementor-widget-spacer\" data-id=\"23d0f1e\" data-element_type=\"widget\" data-widget_type=\"spacer.default\">\n\t\t\t\t<div class=\"elementor-widget-container\">\n\t\t\t\t\t<div class=\"elementor-spacer\">\n\t\t\t<div class=\"elementor-spacer-inner\"><\/div>\n\t\t<\/div>\n\t\t\t\t<\/div>\n\t\t\t\t<\/div>\n\t\t\t\t\t<\/div>\n\t\t<\/div>\n\t\t\t\t\t<\/div>\n\t\t<\/section>\n\t\t\t\t<section class=\"elementor-section elementor-top-section elementor-element elementor-element-6365b3f elementor-section-boxed elementor-section-height-default elementor-section-height-default\" data-id=\"6365b3f\" data-element_type=\"section\">\n\t\t\t\t\t\t<div class=\"elementor-container elementor-column-gap-default\">\n\t\t\t\t\t<div class=\"elementor-column elementor-col-100 elementor-top-column elementor-element elementor-element-707c70f\" data-id=\"707c70f\" data-element_type=\"column\">\n\t\t\t<div class=\"elementor-widget-wrap elementor-element-populated\">\n\t\t\t\t\t\t<div class=\"elementor-element elementor-element-fe13ed7 elementor-widget elementor-widget-heading\" data-id=\"fe13ed7\" data-element_type=\"widget\" data-widget_type=\"heading.default\">\n\t\t\t\t<div class=\"elementor-widget-container\">\n\t\t\t<h2 class=\"elementor-heading-title elementor-size-default\">Le bureau de l'association<\/h2>\t\t<\/div>\n\t\t\t\t<\/div>\n\t\t\t\t\t<\/div>\n\t\t<\/div>\n\t\t\t\t\t<\/div>\n\t\t<\/section>\n\t\t\t\t<section class=\"elementor-section elementor-top-section elementor-element elementor-element-474d74e elementor-section-boxed elementor-section-height-default elementor-section-height-default\" data-id=\"474d74e\" data-element_type=\"section\">\n\t\t\t\t\t\t<div class=\"elementor-container elementor-column-gap-default\">\n\t\t\t\t\t<div class=\"elementor-column elementor-col-100 elementor-top-column elementor-element elementor-element-7cff30c\" data-id=\"7cff30c\" data-element_type=\"column\">\n\t\t\t<div class=\"elementor-widget-wrap elementor-element-populated\">\n\t\t\t\t\t\t<div class=\"elementor-element elementor-element-0ee9f5d elementor-widget elementor-widget-spacer\" data-id=\"0ee9f5d\" data-element_type=\"widget\" data-widget_type=\"spacer.default\">\n\t\t\t\t<div class=\"elementor-widget-container\">\n\t\t\t\t\t<div class=\"elementor-spacer\">\n\t\t\t<div class=\"elementor-spacer-inner\"><\/div>\n\t\t<\/div>\n\t\t\t\t<\/div>\n\t\t\t\t<\/div>\n\t\t\t\t\t<\/div>\n\t\t<\/div>\n\t\t\t\t\t<\/div>\n\t\t<\/section>\n\t\t\t\t<section class=\"elementor-section elementor-top-section elementor-element elementor-element-66ff3d5 elementor-section-boxed elementor-section-height-default elementor-section-height-default\" data-id=\"66ff3d5\" data-element_type=\"section\">\n\t\t\t\t\t\t<div class=\"elementor-container elementor-column-gap-default\">\n\t\t\t\t\t<div class=\"elementor-column elementor-col-25 elementor-top-column elementor-element elementor-element-669d52e\" data-id=\"669d52e\" data-element_type=\"column\">\n\t\t\t<div class=\"elementor-widget-wrap elementor-element-populated\">\n\t\t\t\t\t\t<div class=\"elementor-element elementor-element-54bfb77 elementor-widget elementor-widget-image\" data-id=\"54bfb77\" data-element_type=\"widget\" data-widget_type=\"image.default\">\n\t\t\t\t<div class=\"elementor-widget-container\">\n\t\t\t\t\t\t\t\t\t\t\t\t\t<img width=\"1536\" height=\"1024\" src=\"https:\/\/elia-equitation.fr\/wp-content\/uploads\/2022\/07\/IMG_2363-1536x1024.jpg\" class=\"attachment-1536x1536 size-1536x1536 wp-image-2069\" alt=\"\" srcset=\"https:\/\/elia-equitation.fr\/wp-content\/uploads\/2022\/07\/IMG_2363-1536x1024.jpg 1536w, https:\/\/elia-equitation.fr\/wp-content\/uploads\/2022\/07\/IMG_2363-300x200.jpg 300w, https:\/\/elia-equitation.fr\/wp-content\/uploads\/2022\/07\/IMG_2363-1024x683.jpg 1024w, https:\/\/elia-equitation.fr\/wp-content\/uploads\/2022\/07\/IMG_2363-768x512.jpg 768w, https:\/\/elia-equitation.fr\/wp-content\/uploads\/2022\/07\/IMG_2363-930x620.jpg 930w, https:\/\/elia-equitation.fr\/wp-content\/uploads\/2022\/07\/IMG_2363.jpg 1920w\" sizes=\"(max-width: 1536px) 100vw, 1536px\" \/>\t\t\t\t\t\t\t\t\t\t\t\t\t<\/div>\n\t\t\t\t<\/div>\n\t\t\t\t\t<\/div>\n\t\t<\/div>\n\t\t\t\t<div class=\"elementor-column elementor-col-25 elementor-top-column elementor-element elementor-element-b9714cb\" data-id=\"b9714cb\" data-element_type=\"column\">\n\t\t\t<div class=\"elementor-widget-wrap elementor-element-populated\">\n\t\t\t\t\t\t<div class=\"elementor-element elementor-element-be4a7c6 elementor-widget elementor-widget-text-editor\" data-id=\"be4a7c6\" data-element_type=\"widget\" data-widget_type=\"text-editor.default\">\n\t\t\t\t<div class=\"elementor-widget-container\">\n\t\t\t\t\t\t\t<p>VANESSA PLOUYS<\/p>\t\t\t\t\t\t<\/div>\n\t\t\t\t<\/div>\n\t\t\t\t<div class=\"elementor-element elementor-element-2c0767f elementor-widget elementor-widget-text-editor\" data-id=\"2c0767f\" data-element_type=\"widget\" data-widget_type=\"text-editor.default\">\n\t\t\t\t<div class=\"elementor-widget-container\">\n\t\t\t\t\t\t\t<p>Pr\u00e9sidente<\/p>\t\t\t\t\t\t<\/div>\n\t\t\t\t<\/div>\n\t\t\t\t<div class=\"elementor-element elementor-element-8dcf1f4 elementor-widget elementor-widget-text-editor\" data-id=\"8dcf1f4\" data-element_type=\"widget\" data-widget_type=\"text-editor.default\">\n\t\t\t\t<div class=\"elementor-widget-container\">\n\t\t\t\t\t\t\t<p>PLOUYSV@GMAIL.COM<\/p>\t\t\t\t\t\t<\/div>\n\t\t\t\t<\/div>\n\t\t\t\t\t<\/div>\n\t\t<\/div>\n\t\t\t\t<div class=\"elementor-column elementor-col-25 elementor-top-column elementor-element elementor-element-46cc5bd\" data-id=\"46cc5bd\" data-element_type=\"column\">\n\t\t\t<div class=\"elementor-widget-wrap elementor-element-populated\">\n\t\t\t\t\t\t<div class=\"elementor-element elementor-element-1dac11f elementor-widget elementor-widget-image\" data-id=\"1dac11f\" data-element_type=\"widget\" data-widget_type=\"image.default\">\n\t\t\t\t<div class=\"elementor-widget-container\">\n\t\t\t\t\t\t\t\t\t\t\t\t\t<img width=\"1536\" height=\"1024\" src=\"https:\/\/elia-equitation.fr\/wp-content\/uploads\/2022\/07\/IMG_2869-1-1536x1024.jpg\" class=\"attachment-1536x1536 size-1536x1536 wp-image-2075\" alt=\"\" srcset=\"https:\/\/elia-equitation.fr\/wp-content\/uploads\/2022\/07\/IMG_2869-1-1536x1024.jpg 1536w, https:\/\/elia-equitation.fr\/wp-content\/uploads\/2022\/07\/IMG_2869-1-300x200.jpg 300w, https:\/\/elia-equitation.fr\/wp-content\/uploads\/2022\/07\/IMG_2869-1-1024x683.jpg 1024w, https:\/\/elia-equitation.fr\/wp-content\/uploads\/2022\/07\/IMG_2869-1-768x512.jpg 768w, https:\/\/elia-equitation.fr\/wp-content\/uploads\/2022\/07\/IMG_2869-1-930x620.jpg 930w, https:\/\/elia-equitation.fr\/wp-content\/uploads\/2022\/07\/IMG_2869-1.jpg 1846w\" sizes=\"(max-width: 1536px) 100vw, 1536px\" \/>\t\t\t\t\t\t\t\t\t\t\t\t\t<\/div>\n\t\t\t\t<\/div>\n\t\t\t\t\t<\/div>\n\t\t<\/div>\n\t\t\t\t<div class=\"elementor-column elementor-col-25 elementor-top-column elementor-element elementor-element-e9bd97a\" data-id=\"e9bd97a\" data-element_type=\"column\">\n\t\t\t<div class=\"elementor-widget-wrap elementor-element-populated\">\n\t\t\t\t\t\t<div class=\"elementor-element elementor-element-bc2b622 elementor-widget elementor-widget-text-editor\" data-id=\"bc2b622\" data-element_type=\"widget\" data-widget_type=\"text-editor.default\">\n\t\t\t\t<div class=\"elementor-widget-container\">\n\t\t\t\t\t\t\t<p>JasON DUFRANE<\/p>\t\t\t\t\t\t<\/div>\n\t\t\t\t<\/div>\n\t\t\t\t<div class=\"elementor-element elementor-element-fdb669f elementor-widget elementor-widget-text-editor\" data-id=\"fdb669f\" data-element_type=\"widget\" data-widget_type=\"text-editor.default\">\n\t\t\t\t<div class=\"elementor-widget-container\">\n\t\t\t\t\t\t\t<p>vice-pr\u00e9sident<\/p>\t\t\t\t\t\t<\/div>\n\t\t\t\t<\/div>\n\t\t\t\t\t<\/div>\n\t\t<\/div>\n\t\t\t\t\t<\/div>\n\t\t<\/section>\n\t\t\t\t<\/div>\n\t\t","protected":false},"excerpt":{"rendered":"<p>ELIA \u00c9QUITATION Adh\u00e9rer Adh\u00e9rer \u00e0 l\u2019association vous permet de b\u00e9n\u00e9ficier de tous ces avantages : participer aux \u00e9v\u00e8nements, b\u00e9n\u00e9ficier des tarifs r\u00e9duits, etc&#8230; Notre \u00e9quipe de b\u00e9n\u00e9voles sera heureuse de&hellip;&nbsp;<a href=\"https:\/\/elia-equitation.fr\/?page_id=238\" rel=\"bookmark\">Lire la suite &raquo;<span class=\"screen-reader-text\">Adh\u00e9rer<\/span><\/a><\/p>\n","protected":false},"author":1,"featured_media":0,"parent":0,"menu_order":0,"comment_status":"closed","ping_status":"closed","template":"page-templates\/template-pagebuilder-full-width.php","meta":{"neve_meta_sidebar":"","neve_meta_container":"","neve_meta_enable_content_width":"","neve_meta_content_width":0,"neve_meta_title_alignment":"","neve_meta_author_avatar":"","neve_post_elements_order":"","neve_meta_disable_header":"","neve_meta_disable_footer":"","neve_meta_disable_title":"","_EventAllDay":false,"_EventTimezone":"","_EventStartDate":"","_EventEndDate":"","_EventStartDateUTC":"","_EventEndDateUTC":"","_EventShowMap":false,"_EventShowMapLink":false,"_EventURL":"","_EventCost":"","_EventCostDescription":"","_EventCurrencySymbol":"","_EventCurrencyCode":"","_EventCurrencyPosition":"","_EventDateTimeSeparator":"","_EventTimeRangeSeparator":"","_EventOrganizerID":[],"_EventVenueID":0,"_OrganizerEmail":"","_OrganizerPhone":"","_OrganizerWebsite":"","_VenueAddress":"","_VenueCity":"","_VenueCountry":"","_VenueProvince":"","_VenueZip":"","_VenuePhone":"","_VenueURL":"","_VenueStateProvince":"","_VenueLat":"","_VenueLng":""},"_links":{"self":[{"href":"https:\/\/elia-equitation.fr\/index.php?rest_route=\/wp\/v2\/pages\/238"}],"collection":[{"href":"https:\/\/elia-equitation.fr\/index.php?rest_route=\/wp\/v2\/pages"}],"about":[{"href":"https:\/\/elia-equitation.fr\/index.php?rest_route=\/wp\/v2\/types\/page"}],"author":[{"embeddable":true,"href":"https:\/\/elia-equitation.fr\/index.php?rest_route=\/wp\/v2\/users\/1"}],"replies":[{"embeddable":true,"href":"https:\/\/elia-equitation.fr\/index.php?rest_route=%2Fwp%2Fv2%2Fcomments&post=238"}],"version-history":[{"count":97,"href":"https:\/\/elia-equitation.fr\/index.php?rest_route=\/wp\/v2\/pages\/238\/revisions"}],"predecessor-version":[{"id":2445,"href":"https:\/\/elia-equitation.fr\/index.php?rest_route=\/wp\/v2\/pages\/238\/revisions\/2445"}],"wp:attachment":[{"href":"https:\/\/elia-equitation.fr\/index.php?rest_route=%2Fwp%2Fv2%2Fmedia&parent=238"}],"curies":[{"name":"wp","href":"https:\/\/api.w.org\/{rel}","templated":true}]}}