{"id":106,"date":"2021-04-09T12:39:49","date_gmt":"2021-04-09T12:39:49","guid":{"rendered":"https:\/\/eliaequitation.live-website.com\/?page_id=106"},"modified":"2022-06-24T12:23:55","modified_gmt":"2022-06-24T12:23:55","slug":"cavalerie","status":"publish","type":"page","link":"https:\/\/elia-equitation.fr\/?page_id=106","title":{"rendered":"Cavalerie"},"content":{"rendered":"\t\t<div data-elementor-type=\"wp-page\" data-elementor-id=\"106\" class=\"elementor elementor-106\">\n\t\t\t\t\t\t<section class=\"elementor-section elementor-top-section elementor-element elementor-element-fd1863b elementor-section-boxed elementor-section-height-default elementor-section-height-default\" data-id=\"fd1863b\" data-element_type=\"section\" data-settings=\"{&quot;background_background&quot;:&quot;classic&quot;}\">\n\t\t\t\t\t\t<div class=\"elementor-container elementor-column-gap-default\">\n\t\t\t\t\t<div class=\"elementor-column elementor-col-100 elementor-top-column elementor-element elementor-element-889aa7a\" data-id=\"889aa7a\" data-element_type=\"column\">\n\t\t\t<div class=\"elementor-widget-wrap elementor-element-populated\">\n\t\t\t\t\t\t<div class=\"elementor-element elementor-element-7922c90 elementor-widget elementor-widget-text-editor\" data-id=\"7922c90\" data-element_type=\"widget\" data-widget_type=\"text-editor.default\">\n\t\t\t\t<div class=\"elementor-widget-container\">\n\t\t\t\t\t\t\t<p>ELIA \u00c9QUITATION<\/p>\t\t\t\t\t\t<\/div>\n\t\t\t\t<\/div>\n\t\t\t\t<div class=\"elementor-element elementor-element-9e865a3 elementor-widget-divider--view-line elementor-widget elementor-widget-divider\" data-id=\"9e865a3\" data-element_type=\"widget\" data-widget_type=\"divider.default\">\n\t\t\t\t<div class=\"elementor-widget-container\">\n\t\t\t\t\t<div class=\"elementor-divider\">\n\t\t\t<span class=\"elementor-divider-separator\">\n\t\t\t\t\t\t<\/span>\n\t\t<\/div>\n\t\t\t\t<\/div>\n\t\t\t\t<\/div>\n\t\t\t\t<div class=\"elementor-element elementor-element-5b576e2 elementor-widget elementor-widget-heading\" data-id=\"5b576e2\" data-element_type=\"widget\" data-widget_type=\"heading.default\">\n\t\t\t\t<div class=\"elementor-widget-container\">\n\t\t\t<h2 class=\"elementor-heading-title elementor-size-default\">Cavalerie<\/h2>\t\t<\/div>\n\t\t\t\t<\/div>\n\t\t\t\t\t<\/div>\n\t\t<\/div>\n\t\t\t\t\t<\/div>\n\t\t<\/section>\n\t\t\t\t<section class=\"elementor-section elementor-top-section elementor-element elementor-element-22dfa50 elementor-section-boxed elementor-section-height-default elementor-section-height-default\" data-id=\"22dfa50\" data-element_type=\"section\">\n\t\t\t\t\t\t<div class=\"elementor-container elementor-column-gap-default\">\n\t\t\t\t\t<div class=\"elementor-column elementor-col-50 elementor-top-column elementor-element elementor-element-74d83c6\" data-id=\"74d83c6\" data-element_type=\"column\">\n\t\t\t<div class=\"elementor-widget-wrap elementor-element-populated\">\n\t\t\t\t\t\t<div class=\"elementor-element elementor-element-4495d14 elementor-widget elementor-widget-spacer\" data-id=\"4495d14\" data-element_type=\"widget\" data-widget_type=\"spacer.default\">\n\t\t\t\t<div class=\"elementor-widget-container\">\n\t\t\t\t\t<div class=\"elementor-spacer\">\n\t\t\t<div class=\"elementor-spacer-inner\"><\/div>\n\t\t<\/div>\n\t\t\t\t<\/div>\n\t\t\t\t<\/div>\n\t\t\t\t<div class=\"elementor-element elementor-element-13305f2 elementor-widget__width-inherit elementor-widget elementor-widget-image\" data-id=\"13305f2\" data-element_type=\"widget\" data-widget_type=\"image.default\">\n\t\t\t\t<div class=\"elementor-widget-container\">\n\t\t\t\t\t\t\t\t\t\t\t\t\t<img fetchpriority=\"high\" width=\"1864\" height=\"1243\" src=\"https:\/\/elia-equitation.fr\/wp-content\/uploads\/2022\/06\/IMG_2482-1.jpg\" class=\"attachment-full size-full wp-image-1662\" alt=\"\" srcset=\"https:\/\/elia-equitation.fr\/wp-content\/uploads\/2022\/06\/IMG_2482-1.jpg 1864w, https:\/\/elia-equitation.fr\/wp-content\/uploads\/2022\/06\/IMG_2482-1-300x200.jpg 300w, https:\/\/elia-equitation.fr\/wp-content\/uploads\/2022\/06\/IMG_2482-1-1024x683.jpg 1024w, https:\/\/elia-equitation.fr\/wp-content\/uploads\/2022\/06\/IMG_2482-1-768x512.jpg 768w, https:\/\/elia-equitation.fr\/wp-content\/uploads\/2022\/06\/IMG_2482-1-1536x1024.jpg 1536w, https:\/\/elia-equitation.fr\/wp-content\/uploads\/2022\/06\/IMG_2482-1-930x620.jpg 930w\" sizes=\"(max-width: 1864px) 100vw, 1864px\" \/>\t\t\t\t\t\t\t\t\t\t\t\t\t<\/div>\n\t\t\t\t<\/div>\n\t\t\t\t\t<\/div>\n\t\t<\/div>\n\t\t\t\t<div class=\"elementor-column elementor-col-50 elementor-top-column elementor-element elementor-element-7ea47eb\" data-id=\"7ea47eb\" data-element_type=\"column\">\n\t\t\t<div class=\"elementor-widget-wrap elementor-element-populated\">\n\t\t\t\t\t\t<div class=\"elementor-element elementor-element-b85434d elementor-hidden-mobile elementor-widget elementor-widget-spacer\" data-id=\"b85434d\" data-element_type=\"widget\" data-widget_type=\"spacer.default\">\n\t\t\t\t<div class=\"elementor-widget-container\">\n\t\t\t\t\t<div class=\"elementor-spacer\">\n\t\t\t<div class=\"elementor-spacer-inner\"><\/div>\n\t\t<\/div>\n\t\t\t\t<\/div>\n\t\t\t\t<\/div>\n\t\t\t\t<div class=\"elementor-element elementor-element-6952007 elementor-widget elementor-widget-text-editor\" data-id=\"6952007\" data-element_type=\"widget\" data-widget_type=\"text-editor.default\">\n\t\t\t\t<div class=\"elementor-widget-container\">\n\t\t\t\t\t\t\t<p class=\"p1\">Les chevaux du centre \u00e9questre d\u2019Elia \u00e9quitation sont multidisciplinaires, il y en a de tous les niveaux, de toutes les tailles et de tous les \u00e2ges ! Du shetland au Selle Fran\u00e7ais en passant par le Welsh ou le Pur-sang, notre cavalerie permet aux pratiquants de progresser rapidement avec des chevaux ma\u00eetres d\u2019\u00e9cole, aux profils diff\u00e9rents.\u00a0<\/p><p class=\"p1\"><span style=\"color: var(--nv-text-color); font-family: Poppins, var(--nv-fallback-ff); letter-spacing: 0px; word-spacing: 0.1em; background-color: var(--nv-site-bg);\">De jeunes chevaux sont en cours de formation et participe \u00e0 enrichir l\u2019\u00e9quitation de nos cavaliers de loisirs et de comp\u00e9titions.<\/span><\/p>\t\t\t\t\t\t<\/div>\n\t\t\t\t<\/div>\n\t\t\t\t<div class=\"elementor-element elementor-element-06f9cc4 elementor-hidden-tablet elementor-hidden-mobile elementor-widget elementor-widget-spacer\" data-id=\"06f9cc4\" data-element_type=\"widget\" data-widget_type=\"spacer.default\">\n\t\t\t\t<div class=\"elementor-widget-container\">\n\t\t\t\t\t<div class=\"elementor-spacer\">\n\t\t\t<div class=\"elementor-spacer-inner\"><\/div>\n\t\t<\/div>\n\t\t\t\t<\/div>\n\t\t\t\t<\/div>\n\t\t\t\t\t<\/div>\n\t\t<\/div>\n\t\t\t\t\t<\/div>\n\t\t<\/section>\n\t\t\t\t<section class=\"elementor-section elementor-top-section elementor-element elementor-element-0674a25 elementor-section-full_width elementor-section-height-default elementor-section-height-default\" data-id=\"0674a25\" data-element_type=\"section\" data-settings=\"{&quot;background_background&quot;:&quot;classic&quot;}\">\n\t\t\t\t\t\t<div class=\"elementor-container elementor-column-gap-default\">\n\t\t\t\t\t<div class=\"elementor-column elementor-col-100 elementor-top-column elementor-element elementor-element-199caeb\" data-id=\"199caeb\" data-element_type=\"column\">\n\t\t\t<div class=\"elementor-widget-wrap elementor-element-populated\">\n\t\t\t\t\t\t<div class=\"elementor-element elementor-element-9822fcf elementor-widget elementor-widget-text-editor\" data-id=\"9822fcf\" data-element_type=\"widget\" data-widget_type=\"text-editor.default\">\n\t\t\t\t<div class=\"elementor-widget-container\">\n\t\t\t\t\t\t\t<p>Voici les pr\u00e9sentations de tous nos chevaux et poneys r\u00e9sidents au centre \u00e9questre !<\/p>\t\t\t\t\t\t<\/div>\n\t\t\t\t<\/div>\n\t\t\t\t<div class=\"elementor-element elementor-element-a4fa4b7 elementor-arrows-position-inside elementor-pagination-position-outside elementor-widget elementor-widget-image-carousel\" data-id=\"a4fa4b7\" data-element_type=\"widget\" data-settings=\"{&quot;autoplay_speed&quot;:2000,&quot;pause_on_hover&quot;:&quot;no&quot;,&quot;navigation&quot;:&quot;both&quot;,&quot;autoplay&quot;:&quot;yes&quot;,&quot;pause_on_interaction&quot;:&quot;yes&quot;,&quot;infinite&quot;:&quot;yes&quot;,&quot;speed&quot;:500}\" data-widget_type=\"image-carousel.default\">\n\t\t\t\t<div class=\"elementor-widget-container\">\n\t\t\t\t\t<div class=\"elementor-image-carousel-wrapper swiper\" dir=\"ltr\">\n\t\t\t<div class=\"elementor-image-carousel swiper-wrapper\" aria-live=\"off\">\n\t\t\t\t\t\t\t\t<div class=\"swiper-slide\" role=\"group\" aria-roledescription=\"slide\" aria-label=\"1 sur 39\"><figure class=\"swiper-slide-inner\"><img class=\"swiper-slide-image\" src=\"https:\/\/elia-equitation.fr\/wp-content\/uploads\/2022\/06\/39-min.jpg\" alt=\"39-min\" \/><\/figure><\/div><div class=\"swiper-slide\" role=\"group\" aria-roledescription=\"slide\" aria-label=\"2 sur 39\"><figure class=\"swiper-slide-inner\"><img class=\"swiper-slide-image\" src=\"https:\/\/elia-equitation.fr\/wp-content\/uploads\/2022\/06\/38-min.jpg\" alt=\"38-min\" \/><\/figure><\/div><div class=\"swiper-slide\" role=\"group\" aria-roledescription=\"slide\" aria-label=\"3 sur 39\"><figure class=\"swiper-slide-inner\"><img class=\"swiper-slide-image\" src=\"https:\/\/elia-equitation.fr\/wp-content\/uploads\/2022\/06\/16-min-1.jpg\" alt=\"16-min\" \/><\/figure><\/div><div class=\"swiper-slide\" role=\"group\" aria-roledescription=\"slide\" aria-label=\"4 sur 39\"><figure class=\"swiper-slide-inner\"><img class=\"swiper-slide-image\" src=\"https:\/\/elia-equitation.fr\/wp-content\/uploads\/2022\/06\/15-min-1.jpg\" alt=\"15-min\" \/><\/figure><\/div><div class=\"swiper-slide\" role=\"group\" aria-roledescription=\"slide\" aria-label=\"5 sur 39\"><figure class=\"swiper-slide-inner\"><img class=\"swiper-slide-image\" src=\"https:\/\/elia-equitation.fr\/wp-content\/uploads\/2022\/06\/14-min-1.jpg\" alt=\"14-min\" \/><\/figure><\/div><div class=\"swiper-slide\" role=\"group\" aria-roledescription=\"slide\" aria-label=\"6 sur 39\"><figure class=\"swiper-slide-inner\"><img class=\"swiper-slide-image\" src=\"https:\/\/elia-equitation.fr\/wp-content\/uploads\/2022\/06\/13-min-1.jpg\" alt=\"13-min\" \/><\/figure><\/div><div class=\"swiper-slide\" role=\"group\" aria-roledescription=\"slide\" aria-label=\"7 sur 39\"><figure class=\"swiper-slide-inner\"><img class=\"swiper-slide-image\" src=\"https:\/\/elia-equitation.fr\/wp-content\/uploads\/2022\/06\/7-min-1.jpg\" alt=\"7-min\" \/><\/figure><\/div><div class=\"swiper-slide\" role=\"group\" aria-roledescription=\"slide\" aria-label=\"8 sur 39\"><figure class=\"swiper-slide-inner\"><img class=\"swiper-slide-image\" src=\"https:\/\/elia-equitation.fr\/wp-content\/uploads\/2022\/06\/8-min-1.jpg\" alt=\"8-min\" \/><\/figure><\/div><div class=\"swiper-slide\" role=\"group\" aria-roledescription=\"slide\" aria-label=\"9 sur 39\"><figure class=\"swiper-slide-inner\"><img class=\"swiper-slide-image\" src=\"https:\/\/elia-equitation.fr\/wp-content\/uploads\/2022\/06\/9-min-1.jpg\" alt=\"9-min\" \/><\/figure><\/div><div class=\"swiper-slide\" role=\"group\" aria-roledescription=\"slide\" aria-label=\"10 sur 39\"><figure class=\"swiper-slide-inner\"><img class=\"swiper-slide-image\" src=\"https:\/\/elia-equitation.fr\/wp-content\/uploads\/2022\/06\/10-min-1.jpg\" alt=\"10-min\" \/><\/figure><\/div><div class=\"swiper-slide\" role=\"group\" aria-roledescription=\"slide\" aria-label=\"11 sur 39\"><figure class=\"swiper-slide-inner\"><img class=\"swiper-slide-image\" src=\"https:\/\/elia-equitation.fr\/wp-content\/uploads\/2022\/06\/11-min-1.jpg\" alt=\"11-min\" \/><\/figure><\/div><div class=\"swiper-slide\" role=\"group\" aria-roledescription=\"slide\" aria-label=\"12 sur 39\"><figure class=\"swiper-slide-inner\"><img class=\"swiper-slide-image\" src=\"https:\/\/elia-equitation.fr\/wp-content\/uploads\/2022\/06\/12-min-1.jpg\" alt=\"12-min\" \/><\/figure><\/div><div class=\"swiper-slide\" role=\"group\" aria-roledescription=\"slide\" aria-label=\"13 sur 39\"><figure class=\"swiper-slide-inner\"><img class=\"swiper-slide-image\" src=\"https:\/\/elia-equitation.fr\/wp-content\/uploads\/2022\/06\/6-min-1.jpg\" alt=\"6-min\" \/><\/figure><\/div><div class=\"swiper-slide\" role=\"group\" aria-roledescription=\"slide\" aria-label=\"14 sur 39\"><figure class=\"swiper-slide-inner\"><img class=\"swiper-slide-image\" src=\"https:\/\/elia-equitation.fr\/wp-content\/uploads\/2022\/06\/5-min-1.jpg\" alt=\"5-min\" \/><\/figure><\/div><div class=\"swiper-slide\" role=\"group\" aria-roledescription=\"slide\" aria-label=\"15 sur 39\"><figure class=\"swiper-slide-inner\"><img class=\"swiper-slide-image\" src=\"https:\/\/elia-equitation.fr\/wp-content\/uploads\/2022\/06\/4-min-1.jpg\" alt=\"4-min\" \/><\/figure><\/div><div class=\"swiper-slide\" role=\"group\" aria-roledescription=\"slide\" aria-label=\"16 sur 39\"><figure class=\"swiper-slide-inner\"><img class=\"swiper-slide-image\" src=\"https:\/\/elia-equitation.fr\/wp-content\/uploads\/2022\/06\/1-min-1.jpg\" alt=\"1-min\" \/><\/figure><\/div><div class=\"swiper-slide\" role=\"group\" aria-roledescription=\"slide\" aria-label=\"17 sur 39\"><figure class=\"swiper-slide-inner\"><img class=\"swiper-slide-image\" src=\"https:\/\/elia-equitation.fr\/wp-content\/uploads\/2022\/06\/32-min.jpg\" alt=\"32-min\" \/><\/figure><\/div><div class=\"swiper-slide\" role=\"group\" aria-roledescription=\"slide\" aria-label=\"18 sur 39\"><figure class=\"swiper-slide-inner\"><img class=\"swiper-slide-image\" src=\"https:\/\/elia-equitation.fr\/wp-content\/uploads\/2022\/06\/33-min.jpg\" alt=\"33-min\" \/><\/figure><\/div><div class=\"swiper-slide\" role=\"group\" aria-roledescription=\"slide\" aria-label=\"19 sur 39\"><figure class=\"swiper-slide-inner\"><img class=\"swiper-slide-image\" src=\"https:\/\/elia-equitation.fr\/wp-content\/uploads\/2022\/06\/34-min.jpg\" alt=\"34-min\" \/><\/figure><\/div><div class=\"swiper-slide\" role=\"group\" aria-roledescription=\"slide\" aria-label=\"20 sur 39\"><figure class=\"swiper-slide-inner\"><img class=\"swiper-slide-image\" src=\"https:\/\/elia-equitation.fr\/wp-content\/uploads\/2022\/06\/35-min.jpg\" alt=\"35-min\" \/><\/figure><\/div><div class=\"swiper-slide\" role=\"group\" aria-roledescription=\"slide\" aria-label=\"21 sur 39\"><figure class=\"swiper-slide-inner\"><img class=\"swiper-slide-image\" src=\"https:\/\/elia-equitation.fr\/wp-content\/uploads\/2022\/06\/36-min.jpg\" alt=\"36-min\" \/><\/figure><\/div><div class=\"swiper-slide\" role=\"group\" aria-roledescription=\"slide\" aria-label=\"22 sur 39\"><figure class=\"swiper-slide-inner\"><img class=\"swiper-slide-image\" src=\"https:\/\/elia-equitation.fr\/wp-content\/uploads\/2022\/06\/37-min.jpg\" alt=\"37-min\" \/><\/figure><\/div><div class=\"swiper-slide\" role=\"group\" aria-roledescription=\"slide\" aria-label=\"23 sur 39\"><figure class=\"swiper-slide-inner\"><img class=\"swiper-slide-image\" src=\"https:\/\/elia-equitation.fr\/wp-content\/uploads\/2022\/06\/31-min.jpg\" alt=\"31-min\" \/><\/figure><\/div><div class=\"swiper-slide\" role=\"group\" aria-roledescription=\"slide\" aria-label=\"24 sur 39\"><figure class=\"swiper-slide-inner\"><img class=\"swiper-slide-image\" src=\"https:\/\/elia-equitation.fr\/wp-content\/uploads\/2022\/06\/30-min.jpg\" alt=\"30-min\" \/><\/figure><\/div><div class=\"swiper-slide\" role=\"group\" aria-roledescription=\"slide\" aria-label=\"25 sur 39\"><figure class=\"swiper-slide-inner\"><img class=\"swiper-slide-image\" src=\"https:\/\/elia-equitation.fr\/wp-content\/uploads\/2022\/06\/29-min.jpg\" alt=\"29-min\" \/><\/figure><\/div><div class=\"swiper-slide\" role=\"group\" aria-roledescription=\"slide\" aria-label=\"26 sur 39\"><figure class=\"swiper-slide-inner\"><img class=\"swiper-slide-image\" src=\"https:\/\/elia-equitation.fr\/wp-content\/uploads\/2022\/06\/28-min.jpg\" alt=\"28-min\" \/><\/figure><\/div><div class=\"swiper-slide\" role=\"group\" aria-roledescription=\"slide\" aria-label=\"27 sur 39\"><figure class=\"swiper-slide-inner\"><img class=\"swiper-slide-image\" src=\"https:\/\/elia-equitation.fr\/wp-content\/uploads\/2022\/06\/27-min.jpg\" alt=\"27-min\" \/><\/figure><\/div><div class=\"swiper-slide\" role=\"group\" aria-roledescription=\"slide\" aria-label=\"28 sur 39\"><figure class=\"swiper-slide-inner\"><img class=\"swiper-slide-image\" src=\"https:\/\/elia-equitation.fr\/wp-content\/uploads\/2022\/06\/26-min.jpg\" alt=\"26-min\" \/><\/figure><\/div><div class=\"swiper-slide\" role=\"group\" aria-roledescription=\"slide\" aria-label=\"29 sur 39\"><figure class=\"swiper-slide-inner\"><img class=\"swiper-slide-image\" src=\"https:\/\/elia-equitation.fr\/wp-content\/uploads\/2022\/06\/25-min.jpg\" alt=\"25-min\" \/><\/figure><\/div><div class=\"swiper-slide\" role=\"group\" aria-roledescription=\"slide\" aria-label=\"30 sur 39\"><figure class=\"swiper-slide-inner\"><img class=\"swiper-slide-image\" src=\"https:\/\/elia-equitation.fr\/wp-content\/uploads\/2022\/06\/24-min.jpg\" alt=\"24-min\" \/><\/figure><\/div><div class=\"swiper-slide\" role=\"group\" aria-roledescription=\"slide\" aria-label=\"31 sur 39\"><figure class=\"swiper-slide-inner\"><img class=\"swiper-slide-image\" src=\"https:\/\/elia-equitation.fr\/wp-content\/uploads\/2022\/06\/23-min.jpg\" alt=\"23-min\" \/><\/figure><\/div><div class=\"swiper-slide\" role=\"group\" aria-roledescription=\"slide\" aria-label=\"32 sur 39\"><figure class=\"swiper-slide-inner\"><img class=\"swiper-slide-image\" src=\"https:\/\/elia-equitation.fr\/wp-content\/uploads\/2022\/06\/22-min.jpg\" alt=\"22-min\" \/><\/figure><\/div><div class=\"swiper-slide\" role=\"group\" aria-roledescription=\"slide\" aria-label=\"33 sur 39\"><figure class=\"swiper-slide-inner\"><img class=\"swiper-slide-image\" src=\"https:\/\/elia-equitation.fr\/wp-content\/uploads\/2022\/06\/21-min.jpg\" alt=\"21-min\" \/><\/figure><\/div><div class=\"swiper-slide\" role=\"group\" aria-roledescription=\"slide\" aria-label=\"34 sur 39\"><figure class=\"swiper-slide-inner\"><img class=\"swiper-slide-image\" src=\"https:\/\/elia-equitation.fr\/wp-content\/uploads\/2022\/06\/20-min.jpg\" alt=\"20-min\" \/><\/figure><\/div><div class=\"swiper-slide\" role=\"group\" aria-roledescription=\"slide\" aria-label=\"35 sur 39\"><figure class=\"swiper-slide-inner\"><img class=\"swiper-slide-image\" src=\"https:\/\/elia-equitation.fr\/wp-content\/uploads\/2022\/06\/17-min.jpg\" alt=\"17-min\" \/><\/figure><\/div><div class=\"swiper-slide\" role=\"group\" aria-roledescription=\"slide\" aria-label=\"36 sur 39\"><figure class=\"swiper-slide-inner\"><img class=\"swiper-slide-image\" src=\"https:\/\/elia-equitation.fr\/wp-content\/uploads\/2022\/06\/18-min.jpg\" alt=\"18-min\" \/><\/figure><\/div><div class=\"swiper-slide\" role=\"group\" aria-roledescription=\"slide\" aria-label=\"37 sur 39\"><figure class=\"swiper-slide-inner\"><img class=\"swiper-slide-image\" src=\"https:\/\/elia-equitation.fr\/wp-content\/uploads\/2022\/06\/19-min.jpg\" alt=\"19-min\" \/><\/figure><\/div><div class=\"swiper-slide\" role=\"group\" aria-roledescription=\"slide\" aria-label=\"38 sur 39\"><figure class=\"swiper-slide-inner\"><img class=\"swiper-slide-image\" src=\"https:\/\/elia-equitation.fr\/wp-content\/uploads\/2022\/06\/2-min.jpg\" alt=\"2-min\" \/><\/figure><\/div><div class=\"swiper-slide\" role=\"group\" aria-roledescription=\"slide\" aria-label=\"39 sur 39\"><figure class=\"swiper-slide-inner\"><img class=\"swiper-slide-image\" src=\"https:\/\/elia-equitation.fr\/wp-content\/uploads\/2022\/06\/3-min.jpg\" alt=\"3-min\" \/><\/figure><\/div>\t\t\t<\/div>\n\t\t\t\t\t\t\t\t\t\t\t\t<div class=\"elementor-swiper-button elementor-swiper-button-prev\" role=\"button\" tabindex=\"0\">\n\t\t\t\t\t\t<i aria-hidden=\"true\" class=\"eicon-chevron-left\"><\/i>\t\t\t\t\t<\/div>\n\t\t\t\t\t<div class=\"elementor-swiper-button elementor-swiper-button-next\" role=\"button\" tabindex=\"0\">\n\t\t\t\t\t\t<i aria-hidden=\"true\" class=\"eicon-chevron-right\"><\/i>\t\t\t\t\t<\/div>\n\t\t\t\t\n\t\t\t\t\t\t\t\t\t<div class=\"swiper-pagination\"><\/div>\n\t\t\t\t\t\t\t\t\t<\/div>\n\t\t\t\t<\/div>\n\t\t\t\t<\/div>\n\t\t\t\t<div class=\"elementor-element elementor-element-d76a8dd elementor-widget elementor-widget-spacer\" data-id=\"d76a8dd\" data-element_type=\"widget\" data-widget_type=\"spacer.default\">\n\t\t\t\t<div class=\"elementor-widget-container\">\n\t\t\t\t\t<div class=\"elementor-spacer\">\n\t\t\t<div class=\"elementor-spacer-inner\"><\/div>\n\t\t<\/div>\n\t\t\t\t<\/div>\n\t\t\t\t<\/div>\n\t\t\t\t\t<\/div>\n\t\t<\/div>\n\t\t\t\t\t<\/div>\n\t\t<\/section>\n\t\t\t\t<\/div>\n\t\t","protected":false},"excerpt":{"rendered":"<p>ELIA \u00c9QUITATION Cavalerie Les chevaux du centre \u00e9questre d\u2019Elia \u00e9quitation sont multidisciplinaires, il y en a de tous les niveaux, de toutes les tailles et de tous les \u00e2ges !&hellip;&nbsp;<a href=\"https:\/\/elia-equitation.fr\/?page_id=106\" rel=\"bookmark\">Lire la suite &raquo;<span class=\"screen-reader-text\">Cavalerie<\/span><\/a><\/p>\n","protected":false},"author":1,"featured_media":0,"parent":0,"menu_order":0,"comment_status":"closed","ping_status":"closed","template":"page-templates\/template-pagebuilder-full-width.php","meta":{"neve_meta_sidebar":"","neve_meta_container":"","neve_meta_enable_content_width":"","neve_meta_content_width":0,"neve_meta_title_alignment":"","neve_meta_author_avatar":"","neve_post_elements_order":"","neve_meta_disable_header":"","neve_meta_disable_footer":"","neve_meta_disable_title":"","_EventAllDay":false,"_EventTimezone":"","_EventStartDate":"","_EventEndDate":"","_EventStartDateUTC":"","_EventEndDateUTC":"","_EventShowMap":false,"_EventShowMapLink":false,"_EventURL":"","_EventCost":"","_EventCostDescription":"","_EventCurrencySymbol":"","_EventCurrencyCode":"","_EventCurrencyPosition":"","_EventDateTimeSeparator":"","_EventTimeRangeSeparator":"","_EventOrganizerID":[],"_EventVenueID":0,"_OrganizerEmail":"","_OrganizerPhone":"","_OrganizerWebsite":"","_VenueAddress":"","_VenueCity":"","_VenueCountry":"","_VenueProvince":"","_VenueZip":"","_VenuePhone":"","_VenueURL":"","_VenueStateProvince":"","_VenueLat":"","_VenueLng":""},"_links":{"self":[{"href":"https:\/\/elia-equitation.fr\/index.php?rest_route=\/wp\/v2\/pages\/106"}],"collection":[{"href":"https:\/\/elia-equitation.fr\/index.php?rest_route=\/wp\/v2\/pages"}],"about":[{"href":"https:\/\/elia-equitation.fr\/index.php?rest_route=\/wp\/v2\/types\/page"}],"author":[{"embeddable":true,"href":"https:\/\/elia-equitation.fr\/index.php?rest_route=\/wp\/v2\/users\/1"}],"replies":[{"embeddable":true,"href":"https:\/\/elia-equitation.fr\/index.php?rest_route=%2Fwp%2Fv2%2Fcomments&post=106"}],"version-history":[{"count":31,"href":"https:\/\/elia-equitation.fr\/index.php?rest_route=\/wp\/v2\/pages\/106\/revisions"}],"predecessor-version":[{"id":1933,"href":"https:\/\/elia-equitation.fr\/index.php?rest_route=\/wp\/v2\/pages\/106\/revisions\/1933"}],"wp:attachment":[{"href":"https:\/\/elia-equitation.fr\/index.php?rest_route=%2Fwp%2Fv2%2Fmedia&parent=106"}],"curies":[{"name":"wp","href":"https:\/\/api.w.org\/{rel}","templated":true}]}}