{"id":104,"date":"2021-04-09T12:39:49","date_gmt":"2021-04-09T12:39:49","guid":{"rendered":"https:\/\/eliaequitation.live-website.com\/?page_id=104"},"modified":"2024-09-05T12:07:14","modified_gmt":"2024-09-05T12:07:14","slug":"infrastructure","status":"publish","type":"page","link":"https:\/\/elia-equitation.fr\/?page_id=104","title":{"rendered":"Infrastructure"},"content":{"rendered":"\t\t<div data-elementor-type=\"wp-page\" data-elementor-id=\"104\" class=\"elementor elementor-104\">\n\t\t\t\t\t\t<section class=\"elementor-section elementor-top-section elementor-element elementor-element-b654fd5 elementor-section-boxed elementor-section-height-default elementor-section-height-default\" data-id=\"b654fd5\" data-element_type=\"section\" data-settings=\"{&quot;background_background&quot;:&quot;classic&quot;}\">\n\t\t\t\t\t\t<div class=\"elementor-container elementor-column-gap-default\">\n\t\t\t\t\t<div class=\"elementor-column elementor-col-100 elementor-top-column elementor-element elementor-element-10b4041\" data-id=\"10b4041\" data-element_type=\"column\">\n\t\t\t<div class=\"elementor-widget-wrap elementor-element-populated\">\n\t\t\t\t\t\t<div class=\"elementor-element elementor-element-e87c71a elementor-widget elementor-widget-text-editor\" data-id=\"e87c71a\" data-element_type=\"widget\" data-widget_type=\"text-editor.default\">\n\t\t\t\t<div class=\"elementor-widget-container\">\n\t\t\t\t\t\t\t<p>ELIA \u00c9QUITATION<\/p>\t\t\t\t\t\t<\/div>\n\t\t\t\t<\/div>\n\t\t\t\t<div class=\"elementor-element elementor-element-cfd3f06 elementor-widget-divider--view-line elementor-widget elementor-widget-divider\" data-id=\"cfd3f06\" data-element_type=\"widget\" data-widget_type=\"divider.default\">\n\t\t\t\t<div class=\"elementor-widget-container\">\n\t\t\t\t\t<div class=\"elementor-divider\">\n\t\t\t<span class=\"elementor-divider-separator\">\n\t\t\t\t\t\t<\/span>\n\t\t<\/div>\n\t\t\t\t<\/div>\n\t\t\t\t<\/div>\n\t\t\t\t<div class=\"elementor-element elementor-element-ae52b6b elementor-widget elementor-widget-heading\" data-id=\"ae52b6b\" data-element_type=\"widget\" data-widget_type=\"heading.default\">\n\t\t\t\t<div class=\"elementor-widget-container\">\n\t\t\t<h2 class=\"elementor-heading-title elementor-size-default\">Installations<\/h2>\t\t<\/div>\n\t\t\t\t<\/div>\n\t\t\t\t\t<\/div>\n\t\t<\/div>\n\t\t\t\t\t<\/div>\n\t\t<\/section>\n\t\t\t\t<section class=\"elementor-section elementor-top-section elementor-element elementor-element-666f0b9 elementor-section-boxed elementor-section-height-default elementor-section-height-default\" data-id=\"666f0b9\" data-element_type=\"section\" data-settings=\"{&quot;background_background&quot;:&quot;classic&quot;}\">\n\t\t\t\t\t\t<div class=\"elementor-container elementor-column-gap-default\">\n\t\t\t\t\t<div class=\"elementor-column elementor-col-100 elementor-top-column elementor-element elementor-element-4950011\" data-id=\"4950011\" data-element_type=\"column\">\n\t\t\t<div class=\"elementor-widget-wrap elementor-element-populated\">\n\t\t\t\t\t\t<div class=\"elementor-element elementor-element-18b0325 elementor-widget elementor-widget-spacer\" data-id=\"18b0325\" data-element_type=\"widget\" data-widget_type=\"spacer.default\">\n\t\t\t\t<div class=\"elementor-widget-container\">\n\t\t\t\t\t<div class=\"elementor-spacer\">\n\t\t\t<div class=\"elementor-spacer-inner\"><\/div>\n\t\t<\/div>\n\t\t\t\t<\/div>\n\t\t\t\t<\/div>\n\t\t\t\t\t<\/div>\n\t\t<\/div>\n\t\t\t\t\t<\/div>\n\t\t<\/section>\n\t\t\t\t<section class=\"elementor-section elementor-top-section elementor-element elementor-element-7ce662d elementor-section-boxed elementor-section-height-default elementor-section-height-default\" data-id=\"7ce662d\" data-element_type=\"section\" data-settings=\"{&quot;background_background&quot;:&quot;classic&quot;}\">\n\t\t\t\t\t\t<div class=\"elementor-container elementor-column-gap-default\">\n\t\t\t\t\t<div class=\"elementor-column elementor-col-100 elementor-top-column elementor-element elementor-element-4243489\" data-id=\"4243489\" data-element_type=\"column\">\n\t\t\t<div class=\"elementor-widget-wrap elementor-element-populated\">\n\t\t\t\t\t\t<div class=\"elementor-element elementor-element-493687c elementor-widget elementor-widget-spacer\" data-id=\"493687c\" data-element_type=\"widget\" data-widget_type=\"spacer.default\">\n\t\t\t\t<div class=\"elementor-widget-container\">\n\t\t\t\t\t<div class=\"elementor-spacer\">\n\t\t\t<div class=\"elementor-spacer-inner\"><\/div>\n\t\t<\/div>\n\t\t\t\t<\/div>\n\t\t\t\t<\/div>\n\t\t\t\t<div class=\"elementor-element elementor-element-f012bef elementor-widget elementor-widget-text-editor\" data-id=\"f012bef\" data-element_type=\"widget\" data-widget_type=\"text-editor.default\">\n\t\t\t\t<div class=\"elementor-widget-container\">\n\t\t\t\t\t\t\t<p class=\"p1\">Les \u00e9curies offre un cadre familial et naturel o\u00f9 pratiquer l&rsquo;\u00e9quitation. Des lieux de d\u00e9tente sont am\u00e9nag\u00e9 pour le confort de nos cavaliers, mais aussi des parents, amis et visiteurs du club !<\/p>\t\t\t\t\t\t<\/div>\n\t\t\t\t<\/div>\n\t\t\t\t<div class=\"elementor-element elementor-element-d4a39ce elementor-widget__width-inherit elementor-arrows-position-inside elementor-pagination-position-outside elementor-widget elementor-widget-image-carousel\" data-id=\"d4a39ce\" data-element_type=\"widget\" data-settings=\"{&quot;slides_to_show&quot;:&quot;1&quot;,&quot;pause_on_hover&quot;:&quot;no&quot;,&quot;autoplay_speed&quot;:3000,&quot;navigation&quot;:&quot;both&quot;,&quot;autoplay&quot;:&quot;yes&quot;,&quot;pause_on_interaction&quot;:&quot;yes&quot;,&quot;infinite&quot;:&quot;yes&quot;,&quot;effect&quot;:&quot;slide&quot;,&quot;speed&quot;:500}\" data-widget_type=\"image-carousel.default\">\n\t\t\t\t<div class=\"elementor-widget-container\">\n\t\t\t\t\t<div class=\"elementor-image-carousel-wrapper swiper\" dir=\"ltr\">\n\t\t\t<div class=\"elementor-image-carousel swiper-wrapper\" aria-live=\"off\">\n\t\t\t\t\t\t\t\t<div class=\"swiper-slide\" role=\"group\" aria-roledescription=\"slide\" aria-label=\"1 sur 16\"><figure class=\"swiper-slide-inner\"><img class=\"swiper-slide-image\" src=\"https:\/\/elia-equitation.fr\/wp-content\/uploads\/2022\/05\/5-1.jpg\" alt=\"5\" \/><\/figure><\/div><div class=\"swiper-slide\" role=\"group\" aria-roledescription=\"slide\" aria-label=\"2 sur 16\"><figure class=\"swiper-slide-inner\"><img class=\"swiper-slide-image\" src=\"https:\/\/elia-equitation.fr\/wp-content\/uploads\/2022\/05\/2-1.jpg\" alt=\"2\" \/><\/figure><\/div><div class=\"swiper-slide\" role=\"group\" aria-roledescription=\"slide\" aria-label=\"3 sur 16\"><figure class=\"swiper-slide-inner\"><img class=\"swiper-slide-image\" src=\"https:\/\/elia-equitation.fr\/wp-content\/uploads\/2022\/04\/2.jpg\" alt=\"2\" \/><\/figure><\/div><div class=\"swiper-slide\" role=\"group\" aria-roledescription=\"slide\" aria-label=\"4 sur 16\"><figure class=\"swiper-slide-inner\"><img class=\"swiper-slide-image\" src=\"https:\/\/elia-equitation.fr\/wp-content\/uploads\/2022\/06\/12.jpg\" alt=\"12\" \/><\/figure><\/div><div class=\"swiper-slide\" role=\"group\" aria-roledescription=\"slide\" aria-label=\"5 sur 16\"><figure class=\"swiper-slide-inner\"><img class=\"swiper-slide-image\" src=\"https:\/\/elia-equitation.fr\/wp-content\/uploads\/2022\/05\/4-1.jpg\" alt=\"4\" \/><\/figure><\/div><div class=\"swiper-slide\" role=\"group\" aria-roledescription=\"slide\" aria-label=\"6 sur 16\"><figure class=\"swiper-slide-inner\"><img class=\"swiper-slide-image\" src=\"https:\/\/elia-equitation.fr\/wp-content\/uploads\/2022\/06\/10.jpg\" alt=\"10\" \/><\/figure><\/div><div class=\"swiper-slide\" role=\"group\" aria-roledescription=\"slide\" aria-label=\"7 sur 16\"><figure class=\"swiper-slide-inner\"><img class=\"swiper-slide-image\" src=\"https:\/\/elia-equitation.fr\/wp-content\/uploads\/2022\/05\/3-1.jpg\" alt=\"3\" \/><\/figure><\/div><div class=\"swiper-slide\" role=\"group\" aria-roledescription=\"slide\" aria-label=\"8 sur 16\"><figure class=\"swiper-slide-inner\"><img class=\"swiper-slide-image\" src=\"https:\/\/elia-equitation.fr\/wp-content\/uploads\/2022\/04\/3.jpg\" alt=\"3\" \/><\/figure><\/div><div class=\"swiper-slide\" role=\"group\" aria-roledescription=\"slide\" aria-label=\"9 sur 16\"><figure class=\"swiper-slide-inner\"><img class=\"swiper-slide-image\" src=\"https:\/\/elia-equitation.fr\/wp-content\/uploads\/2022\/05\/1-1.jpg\" alt=\"1\" \/><\/figure><\/div><div class=\"swiper-slide\" role=\"group\" aria-roledescription=\"slide\" aria-label=\"10 sur 16\"><figure class=\"swiper-slide-inner\"><img class=\"swiper-slide-image\" src=\"https:\/\/elia-equitation.fr\/wp-content\/uploads\/2022\/06\/11.jpg\" alt=\"11\" \/><\/figure><\/div><div class=\"swiper-slide\" role=\"group\" aria-roledescription=\"slide\" aria-label=\"11 sur 16\"><figure class=\"swiper-slide-inner\"><img class=\"swiper-slide-image\" src=\"https:\/\/elia-equitation.fr\/wp-content\/uploads\/2024\/09\/IMG-20230620-WA0017.jpg\" alt=\"IMG-20230620-WA0017\" \/><\/figure><\/div><div class=\"swiper-slide\" role=\"group\" aria-roledescription=\"slide\" aria-label=\"12 sur 16\"><figure class=\"swiper-slide-inner\"><img class=\"swiper-slide-image\" src=\"https:\/\/elia-equitation.fr\/wp-content\/uploads\/2024\/09\/IMG-20230903-WA0017.jpg\" alt=\"IMG-20230903-WA0017\" \/><\/figure><\/div><div class=\"swiper-slide\" role=\"group\" aria-roledescription=\"slide\" aria-label=\"13 sur 16\"><figure class=\"swiper-slide-inner\"><img class=\"swiper-slide-image\" src=\"https:\/\/elia-equitation.fr\/wp-content\/uploads\/2024\/09\/20240413_144535-scaled.jpg\" alt=\"20240413_144535\" \/><\/figure><\/div><div class=\"swiper-slide\" role=\"group\" aria-roledescription=\"slide\" aria-label=\"14 sur 16\"><figure class=\"swiper-slide-inner\"><img class=\"swiper-slide-image\" src=\"https:\/\/elia-equitation.fr\/wp-content\/uploads\/2024\/09\/20240309_104857-scaled.jpg\" alt=\"20240309_104857\" \/><\/figure><\/div><div class=\"swiper-slide\" role=\"group\" aria-roledescription=\"slide\" aria-label=\"15 sur 16\"><figure class=\"swiper-slide-inner\"><img class=\"swiper-slide-image\" src=\"https:\/\/elia-equitation.fr\/wp-content\/uploads\/2024\/09\/IMG-20240117-WA0082.jpg\" alt=\"IMG-20240117-WA0082\" \/><\/figure><\/div><div class=\"swiper-slide\" role=\"group\" aria-roledescription=\"slide\" aria-label=\"16 sur 16\"><figure class=\"swiper-slide-inner\"><img class=\"swiper-slide-image\" src=\"https:\/\/elia-equitation.fr\/wp-content\/uploads\/2024\/09\/IMG-20231223-WA0005.jpg\" alt=\"IMG-20231223-WA0005\" \/><\/figure><\/div>\t\t\t<\/div>\n\t\t\t\t\t\t\t\t\t\t\t\t<div class=\"elementor-swiper-button elementor-swiper-button-prev\" role=\"button\" tabindex=\"0\">\n\t\t\t\t\t\t<i aria-hidden=\"true\" class=\"eicon-chevron-left\"><\/i>\t\t\t\t\t<\/div>\n\t\t\t\t\t<div class=\"elementor-swiper-button elementor-swiper-button-next\" role=\"button\" tabindex=\"0\">\n\t\t\t\t\t\t<i aria-hidden=\"true\" class=\"eicon-chevron-right\"><\/i>\t\t\t\t\t<\/div>\n\t\t\t\t\n\t\t\t\t\t\t\t\t\t<div class=\"swiper-pagination\"><\/div>\n\t\t\t\t\t\t\t\t\t<\/div>\n\t\t\t\t<\/div>\n\t\t\t\t<\/div>\n\t\t\t\t\t<\/div>\n\t\t<\/div>\n\t\t\t\t\t<\/div>\n\t\t<\/section>\n\t\t\t\t<section class=\"elementor-section elementor-top-section elementor-element elementor-element-6d68f310 elementor-section-content-middle elementor-section-boxed elementor-section-height-default elementor-section-height-default\" data-id=\"6d68f310\" data-element_type=\"section\">\n\t\t\t\t\t\t<div class=\"elementor-container elementor-column-gap-no\">\n\t\t\t\t\t<div class=\"elementor-column elementor-col-33 elementor-top-column elementor-element elementor-element-909caae\" data-id=\"909caae\" data-element_type=\"column\">\n\t\t\t<div class=\"elementor-widget-wrap elementor-element-populated\">\n\t\t\t\t\t\t<div class=\"elementor-element elementor-element-074a681 elementor-widget elementor-widget-image\" data-id=\"074a681\" data-element_type=\"widget\" data-widget_type=\"image.default\">\n\t\t\t\t<div class=\"elementor-widget-container\">\n\t\t\t\t\t\t\t\t\t\t\t\t\t<img fetchpriority=\"high\" width=\"600\" height=\"700\" src=\"https:\/\/elia-equitation.fr\/wp-content\/uploads\/2022\/05\/1.jpg\" class=\"elementor-animation-grow attachment-full size-full wp-image-1449\" alt=\"\" srcset=\"https:\/\/elia-equitation.fr\/wp-content\/uploads\/2022\/05\/1.jpg 600w, https:\/\/elia-equitation.fr\/wp-content\/uploads\/2022\/05\/1-257x300.jpg 257w\" sizes=\"(max-width: 600px) 100vw, 600px\" \/>\t\t\t\t\t\t\t\t\t\t\t\t\t<\/div>\n\t\t\t\t<\/div>\n\t\t\t\t<div class=\"elementor-element elementor-element-e24f7bc elementor-widget elementor-widget-text-editor\" data-id=\"e24f7bc\" data-element_type=\"widget\" data-widget_type=\"text-editor.default\">\n\t\t\t\t<div class=\"elementor-widget-container\">\n\t\t\t\t\t\t\t<p class=\"p1\">Le centre \u00e9questre dispose d\u2019une grande carri\u00e8re en ext\u00e9rieur de 80x30m, sable de Fontainebleau, arbor\u00e9, elle assure une atmosph\u00e8re calme et sereine pour monter \u00e0 cheval.<\/p>\t\t\t\t\t\t<\/div>\n\t\t\t\t<\/div>\n\t\t\t\t<div class=\"elementor-element elementor-element-a9e3bac elementor-widget elementor-widget-image\" data-id=\"a9e3bac\" data-element_type=\"widget\" data-widget_type=\"image.default\">\n\t\t\t\t<div class=\"elementor-widget-container\">\n\t\t\t\t\t\t\t\t\t\t\t\t\t<img width=\"1920\" height=\"2560\" src=\"https:\/\/elia-equitation.fr\/wp-content\/uploads\/2024\/09\/20230810_101108-scaled.jpg\" class=\"elementor-animation-grow attachment-full size-full wp-image-2475\" alt=\"\" srcset=\"https:\/\/elia-equitation.fr\/wp-content\/uploads\/2024\/09\/20230810_101108-scaled.jpg 1920w, https:\/\/elia-equitation.fr\/wp-content\/uploads\/2024\/09\/20230810_101108-225x300.jpg 225w, https:\/\/elia-equitation.fr\/wp-content\/uploads\/2024\/09\/20230810_101108-768x1024.jpg 768w, https:\/\/elia-equitation.fr\/wp-content\/uploads\/2024\/09\/20230810_101108-1152x1536.jpg 1152w, https:\/\/elia-equitation.fr\/wp-content\/uploads\/2024\/09\/20230810_101108-1536x2048.jpg 1536w\" sizes=\"(max-width: 1920px) 100vw, 1920px\" \/>\t\t\t\t\t\t\t\t\t\t\t\t\t<\/div>\n\t\t\t\t<\/div>\n\t\t\t\t<div class=\"elementor-element elementor-element-25f7b52 elementor-widget elementor-widget-text-editor\" data-id=\"25f7b52\" data-element_type=\"widget\" data-widget_type=\"text-editor.default\">\n\t\t\t\t<div class=\"elementor-widget-container\">\n\t\t\t\t\t\t\t<p class=\"p1\">L\u2019\u00e9curie dispose \u00e9galement d\u2019un grand paddock offrant des moments de libert\u00e9 \u00e0 nos amis \u00e9quid\u00e9s.<\/p>\t\t\t\t\t\t<\/div>\n\t\t\t\t<\/div>\n\t\t\t\t\t<\/div>\n\t\t<\/div>\n\t\t\t\t<div class=\"elementor-column elementor-col-33 elementor-top-column elementor-element elementor-element-441b1e97\" data-id=\"441b1e97\" data-element_type=\"column\">\n\t\t\t<div class=\"elementor-widget-wrap elementor-element-populated\">\n\t\t\t\t\t\t<div class=\"elementor-element elementor-element-407969f1 elementor-widget elementor-widget-text-editor\" data-id=\"407969f1\" data-element_type=\"widget\" data-widget_type=\"text-editor.default\">\n\t\t\t\t<div class=\"elementor-widget-container\">\n\t\t\t\t\t\t\t<p class=\"p1\">Le man\u00e8ge couvert de 20x60m offre la possibilit\u00e9 de pratiquer l&rsquo;\u00e9quitation par tous les temps et en toute saison.<\/p>\t\t\t\t\t\t<\/div>\n\t\t\t\t<\/div>\n\t\t\t\t<div class=\"elementor-element elementor-element-0c40a98 elementor-widget elementor-widget-image\" data-id=\"0c40a98\" data-element_type=\"widget\" data-widget_type=\"image.default\">\n\t\t\t\t<div class=\"elementor-widget-container\">\n\t\t\t\t\t\t\t\t\t\t\t\t\t<img width=\"1920\" height=\"2560\" src=\"https:\/\/elia-equitation.fr\/wp-content\/uploads\/2024\/09\/20240413_144535-scaled.jpg\" class=\"elementor-animation-grow attachment-full size-full wp-image-2472\" alt=\"\" srcset=\"https:\/\/elia-equitation.fr\/wp-content\/uploads\/2024\/09\/20240413_144535-scaled.jpg 1920w, https:\/\/elia-equitation.fr\/wp-content\/uploads\/2024\/09\/20240413_144535-225x300.jpg 225w, https:\/\/elia-equitation.fr\/wp-content\/uploads\/2024\/09\/20240413_144535-768x1024.jpg 768w, https:\/\/elia-equitation.fr\/wp-content\/uploads\/2024\/09\/20240413_144535-1152x1536.jpg 1152w, https:\/\/elia-equitation.fr\/wp-content\/uploads\/2024\/09\/20240413_144535-1536x2048.jpg 1536w\" sizes=\"(max-width: 1920px) 100vw, 1920px\" \/>\t\t\t\t\t\t\t\t\t\t\t\t\t<\/div>\n\t\t\t\t<\/div>\n\t\t\t\t<div class=\"elementor-element elementor-element-3a06c9c elementor-widget elementor-widget-text-editor\" data-id=\"3a06c9c\" data-element_type=\"widget\" data-widget_type=\"text-editor.default\">\n\t\t\t\t<div class=\"elementor-widget-container\">\n\t\t\t\t\t\t\t<p class=\"p1\">Le club house donne une vue panoramique sur le man\u00e9ge, installez-vous confortablement autour d&rsquo;une table ou sur les canap\u00e9s et profitez du cours !\u00a0<\/p>\t\t\t\t\t\t<\/div>\n\t\t\t\t<\/div>\n\t\t\t\t<div class=\"elementor-element elementor-element-0884eb9 elementor-widget elementor-widget-image\" data-id=\"0884eb9\" data-element_type=\"widget\" data-widget_type=\"image.default\">\n\t\t\t\t<div class=\"elementor-widget-container\">\n\t\t\t\t\t\t\t\t\t\t\t\t\t<img src=\"https:\/\/elia-equitation.fr\/wp-content\/uploads\/elementor\/thumbs\/20230907_152029-scaled-qtnqwed5k4wb04red4x44clfdt4l5ep3f5ylkqpumw.jpg\" title=\"20230907_152029\" alt=\"20230907_152029\" class=\"elementor-animation-grow\" loading=\"lazy\" \/>\t\t\t\t\t\t\t\t\t\t\t\t\t<\/div>\n\t\t\t\t<\/div>\n\t\t\t\t\t<\/div>\n\t\t<\/div>\n\t\t\t\t<div class=\"elementor-column elementor-col-33 elementor-top-column elementor-element elementor-element-3e0b5db\" data-id=\"3e0b5db\" data-element_type=\"column\">\n\t\t\t<div class=\"elementor-widget-wrap elementor-element-populated\">\n\t\t\t\t\t\t<div class=\"elementor-element elementor-element-fdcf189 elementor-widget elementor-widget-image\" data-id=\"fdcf189\" data-element_type=\"widget\" data-widget_type=\"image.default\">\n\t\t\t\t<div class=\"elementor-widget-container\">\n\t\t\t\t\t\t\t\t\t\t\t\t\t<img loading=\"lazy\" width=\"600\" height=\"700\" src=\"https:\/\/elia-equitation.fr\/wp-content\/uploads\/2022\/05\/4.jpg\" class=\"elementor-animation-grow attachment-full size-full wp-image-1445\" alt=\"\" srcset=\"https:\/\/elia-equitation.fr\/wp-content\/uploads\/2022\/05\/4.jpg 600w, https:\/\/elia-equitation.fr\/wp-content\/uploads\/2022\/05\/4-257x300.jpg 257w\" sizes=\"(max-width: 600px) 100vw, 600px\" \/>\t\t\t\t\t\t\t\t\t\t\t\t\t<\/div>\n\t\t\t\t<\/div>\n\t\t\t\t<div class=\"elementor-element elementor-element-ecaaa09 elementor-widget elementor-widget-text-editor\" data-id=\"ecaaa09\" data-element_type=\"widget\" data-widget_type=\"text-editor.default\">\n\t\t\t\t<div class=\"elementor-widget-container\">\n\t\t\t\t\t\t\t<p class=\"p1\">Un rond de longe de 19 m de diam\u00e8tre est \u00e0 disposition des cavaliers pour travailler les chevaux.<\/p>\t\t\t\t\t\t<\/div>\n\t\t\t\t<\/div>\n\t\t\t\t<div class=\"elementor-element elementor-element-3a17416 elementor-widget elementor-widget-image\" data-id=\"3a17416\" data-element_type=\"widget\" data-widget_type=\"image.default\">\n\t\t\t\t<div class=\"elementor-widget-container\">\n\t\t\t\t\t\t\t\t\t\t\t\t\t<img src=\"https:\/\/elia-equitation.fr\/wp-content\/uploads\/elementor\/thumbs\/PHOTO-2022-03-23-14-15-14-pqqkx0dlnv3qs9dbgg57k9hjjl8242cwsa6nbwmus8.jpg\" title=\"PHOTO-2022-03-23-14-15-14\" alt=\"PHOTO-2022-03-23-14-15-14\" class=\"elementor-animation-grow\" loading=\"lazy\" \/>\t\t\t\t\t\t\t\t\t\t\t\t\t<\/div>\n\t\t\t\t<\/div>\n\t\t\t\t<div class=\"elementor-element elementor-element-04cb6af elementor-widget elementor-widget-text-editor\" data-id=\"04cb6af\" data-element_type=\"widget\" data-widget_type=\"text-editor.default\">\n\t\t\t\t<div class=\"elementor-widget-container\">\n\t\t\t\t\t\t\t<p class=\"p1\">Le bar propose boissons, caf\u00e9s, cr\u00eapes et go\u00fbters, \u00e0 d\u00e9guster pr\u00e9s de<span style=\"background-color: var(--nv-site-bg); color: var( --e-global-color-nvtextcolor ); font-family: var( --e-global-typography-text-font-family ), Sans-serif; font-weight: var( --e-global-typography-text-font-weight ); letter-spacing: 0px;\">\u00a0la chemin\u00e9e en hiver ou sur la terrasse en \u00e9t\u00e9 !\u00a0<\/span><\/p>\t\t\t\t\t\t<\/div>\n\t\t\t\t<\/div>\n\t\t\t\t\t<\/div>\n\t\t<\/div>\n\t\t\t\t\t<\/div>\n\t\t<\/section>\n\t\t\t\t<section class=\"elementor-section elementor-top-section elementor-element elementor-element-9bf4171 elementor-section-boxed elementor-section-height-default elementor-section-height-default\" data-id=\"9bf4171\" data-element_type=\"section\">\n\t\t\t\t\t\t<div class=\"elementor-container elementor-column-gap-default\">\n\t\t\t\t\t<div class=\"elementor-column elementor-col-100 elementor-top-column elementor-element elementor-element-4715f9b\" data-id=\"4715f9b\" data-element_type=\"column\">\n\t\t\t<div class=\"elementor-widget-wrap elementor-element-populated\">\n\t\t\t\t\t\t<div class=\"elementor-element elementor-element-ed89f55 elementor-widget elementor-widget-spacer\" data-id=\"ed89f55\" data-element_type=\"widget\" data-widget_type=\"spacer.default\">\n\t\t\t\t<div class=\"elementor-widget-container\">\n\t\t\t\t\t<div class=\"elementor-spacer\">\n\t\t\t<div class=\"elementor-spacer-inner\"><\/div>\n\t\t<\/div>\n\t\t\t\t<\/div>\n\t\t\t\t<\/div>\n\t\t\t\t\t<\/div>\n\t\t<\/div>\n\t\t\t\t\t<\/div>\n\t\t<\/section>\n\t\t\t\t<section class=\"elementor-section elementor-top-section elementor-element elementor-element-7327329c elementor-section-content-middle elementor-section-boxed elementor-section-height-default elementor-section-height-default\" data-id=\"7327329c\" data-element_type=\"section\" data-settings=\"{&quot;background_background&quot;:&quot;classic&quot;}\">\n\t\t\t\t\t\t<div class=\"elementor-container elementor-column-gap-no\">\n\t\t\t\t\t<div class=\"elementor-column elementor-col-50 elementor-top-column elementor-element elementor-element-3833e397\" data-id=\"3833e397\" data-element_type=\"column\">\n\t\t\t<div class=\"elementor-widget-wrap elementor-element-populated\">\n\t\t\t\t\t\t<div class=\"elementor-element elementor-element-628367c4 elementor-widget elementor-widget-image\" data-id=\"628367c4\" data-element_type=\"widget\" data-widget_type=\"image.default\">\n\t\t\t\t<div class=\"elementor-widget-container\">\n\t\t\t\t\t\t\t\t\t\t\t\t\t<img loading=\"lazy\" width=\"2048\" height=\"1536\" src=\"https:\/\/elia-equitation.fr\/wp-content\/uploads\/2022\/05\/8cce669d-5922-46a3-b002-8a84bdf6cc70.jpg\" class=\"attachment-full size-full wp-image-1352\" alt=\"\" srcset=\"https:\/\/elia-equitation.fr\/wp-content\/uploads\/2022\/05\/8cce669d-5922-46a3-b002-8a84bdf6cc70.jpg 2048w, https:\/\/elia-equitation.fr\/wp-content\/uploads\/2022\/05\/8cce669d-5922-46a3-b002-8a84bdf6cc70-300x225.jpg 300w, https:\/\/elia-equitation.fr\/wp-content\/uploads\/2022\/05\/8cce669d-5922-46a3-b002-8a84bdf6cc70-1024x768.jpg 1024w, https:\/\/elia-equitation.fr\/wp-content\/uploads\/2022\/05\/8cce669d-5922-46a3-b002-8a84bdf6cc70-768x576.jpg 768w, https:\/\/elia-equitation.fr\/wp-content\/uploads\/2022\/05\/8cce669d-5922-46a3-b002-8a84bdf6cc70-1536x1152.jpg 1536w\" sizes=\"(max-width: 2048px) 100vw, 2048px\" \/>\t\t\t\t\t\t\t\t\t\t\t\t\t<\/div>\n\t\t\t\t<\/div>\n\t\t\t\t\t<\/div>\n\t\t<\/div>\n\t\t\t\t<div class=\"elementor-column elementor-col-50 elementor-top-column elementor-element elementor-element-39850e08\" data-id=\"39850e08\" data-element_type=\"column\">\n\t\t\t<div class=\"elementor-widget-wrap elementor-element-populated\">\n\t\t\t\t\t\t<div class=\"elementor-element elementor-element-ef80d30 elementor-widget elementor-widget-heading\" data-id=\"ef80d30\" data-element_type=\"widget\" data-widget_type=\"heading.default\">\n\t\t\t\t<div class=\"elementor-widget-container\">\n\t\t\t<h4 class=\"elementor-heading-title elementor-size-default\">Se d\u00e9tendre<\/h4>\t\t<\/div>\n\t\t\t\t<\/div>\n\t\t\t\t<div class=\"elementor-element elementor-element-13a5ffeb elementor-widget elementor-widget-text-editor\" data-id=\"13a5ffeb\" data-element_type=\"widget\" data-widget_type=\"text-editor.default\">\n\t\t\t\t<div class=\"elementor-widget-container\">\n\t\t\t\t\t\t\t<p>Aux beaux jours, canap\u00e9s, bancs, parasols, transats et tables de pic-niques permettent de profiter du cadre agr\u00e9able des \u00e9curies pour se reposer ou se restaurer en toute convivialit\u00e9.<\/p>\t\t\t\t\t\t<\/div>\n\t\t\t\t<\/div>\n\t\t\t\t\t<\/div>\n\t\t<\/div>\n\t\t\t\t\t<\/div>\n\t\t<\/section>\n\t\t\t\t<section class=\"elementor-section elementor-top-section elementor-element elementor-element-12eb8f9 elementor-section-boxed elementor-section-height-default elementor-section-height-default\" data-id=\"12eb8f9\" data-element_type=\"section\">\n\t\t\t\t\t\t<div class=\"elementor-container elementor-column-gap-default\">\n\t\t\t\t\t<div class=\"elementor-column elementor-col-100 elementor-top-column elementor-element elementor-element-158a9b2\" data-id=\"158a9b2\" data-element_type=\"column\">\n\t\t\t<div class=\"elementor-widget-wrap\">\n\t\t\t\t\t\t\t<\/div>\n\t\t<\/div>\n\t\t\t\t\t<\/div>\n\t\t<\/section>\n\t\t\t\t<\/div>\n\t\t","protected":false},"excerpt":{"rendered":"<p>ELIA \u00c9QUITATION Installations Les \u00e9curies offre un cadre familial et naturel o\u00f9 pratiquer l&rsquo;\u00e9quitation. Des lieux de d\u00e9tente sont am\u00e9nag\u00e9 pour le confort de nos cavaliers, mais aussi des parents,&hellip;&nbsp;<a href=\"https:\/\/elia-equitation.fr\/?page_id=104\" rel=\"bookmark\">Lire la suite &raquo;<span class=\"screen-reader-text\">Infrastructure<\/span><\/a><\/p>\n","protected":false},"author":1,"featured_media":0,"parent":0,"menu_order":0,"comment_status":"closed","ping_status":"closed","template":"page-templates\/template-pagebuilder-full-width.php","meta":{"neve_meta_sidebar":"","neve_meta_container":"","neve_meta_enable_content_width":"","neve_meta_content_width":0,"neve_meta_title_alignment":"","neve_meta_author_avatar":"","neve_post_elements_order":"","neve_meta_disable_header":"","neve_meta_disable_footer":"","neve_meta_disable_title":"","_EventAllDay":false,"_EventTimezone":"","_EventStartDate":"","_EventEndDate":"","_EventStartDateUTC":"","_EventEndDateUTC":"","_EventShowMap":false,"_EventShowMapLink":false,"_EventURL":"","_EventCost":"","_EventCostDescription":"","_EventCurrencySymbol":"","_EventCurrencyCode":"","_EventCurrencyPosition":"","_EventDateTimeSeparator":"","_EventTimeRangeSeparator":"","_EventOrganizerID":[],"_EventVenueID":0,"_OrganizerEmail":"","_OrganizerPhone":"","_OrganizerWebsite":"","_VenueAddress":"","_VenueCity":"","_VenueCountry":"","_VenueProvince":"","_VenueZip":"","_VenuePhone":"","_VenueURL":"","_VenueStateProvince":"","_VenueLat":"","_VenueLng":""},"_links":{"self":[{"href":"https:\/\/elia-equitation.fr\/index.php?rest_route=\/wp\/v2\/pages\/104"}],"collection":[{"href":"https:\/\/elia-equitation.fr\/index.php?rest_route=\/wp\/v2\/pages"}],"about":[{"href":"https:\/\/elia-equitation.fr\/index.php?rest_route=\/wp\/v2\/types\/page"}],"author":[{"embeddable":true,"href":"https:\/\/elia-equitation.fr\/index.php?rest_route=\/wp\/v2\/users\/1"}],"replies":[{"embeddable":true,"href":"https:\/\/elia-equitation.fr\/index.php?rest_route=%2Fwp%2Fv2%2Fcomments&post=104"}],"version-history":[{"count":70,"href":"https:\/\/elia-equitation.fr\/index.php?rest_route=\/wp\/v2\/pages\/104\/revisions"}],"predecessor-version":[{"id":2484,"href":"https:\/\/elia-equitation.fr\/index.php?rest_route=\/wp\/v2\/pages\/104\/revisions\/2484"}],"wp:attachment":[{"href":"https:\/\/elia-equitation.fr\/index.php?rest_route=%2Fwp%2Fv2%2Fmedia&parent=104"}],"curies":[{"name":"wp","href":"https:\/\/api.w.org\/{rel}","templated":true}]}}