{"id":103,"date":"2021-04-09T12:39:49","date_gmt":"2021-04-09T12:39:49","guid":{"rendered":"https:\/\/eliaequitation.live-website.com\/?page_id=103"},"modified":"2022-08-17T14:37:28","modified_gmt":"2022-08-17T14:37:28","slug":"histoire","status":"publish","type":"page","link":"https:\/\/elia-equitation.fr\/?page_id=103","title":{"rendered":"Histoire"},"content":{"rendered":"\t\t<div data-elementor-type=\"wp-page\" data-elementor-id=\"103\" class=\"elementor elementor-103\">\n\t\t\t\t\t\t<section class=\"elementor-section elementor-top-section elementor-element elementor-element-89fc4fb elementor-section-boxed elementor-section-height-default elementor-section-height-default\" data-id=\"89fc4fb\" data-element_type=\"section\" data-settings=\"{&quot;background_background&quot;:&quot;classic&quot;}\">\n\t\t\t\t\t\t<div class=\"elementor-container elementor-column-gap-default\">\n\t\t\t\t\t<div class=\"elementor-column elementor-col-100 elementor-top-column elementor-element elementor-element-4b45de9\" data-id=\"4b45de9\" data-element_type=\"column\">\n\t\t\t<div class=\"elementor-widget-wrap elementor-element-populated\">\n\t\t\t\t\t\t<div class=\"elementor-element elementor-element-eca5e9f elementor-widget elementor-widget-text-editor\" data-id=\"eca5e9f\" data-element_type=\"widget\" data-widget_type=\"text-editor.default\">\n\t\t\t\t<div class=\"elementor-widget-container\">\n\t\t\t\t\t\t\t<p style=\"text-align: center;\">ELIA \u00c9QUITATION<\/p>\t\t\t\t\t\t<\/div>\n\t\t\t\t<\/div>\n\t\t\t\t<div class=\"elementor-element elementor-element-90dceb8 elementor-widget-divider--view-line elementor-widget elementor-widget-divider\" data-id=\"90dceb8\" data-element_type=\"widget\" data-widget_type=\"divider.default\">\n\t\t\t\t<div class=\"elementor-widget-container\">\n\t\t\t\t\t<div class=\"elementor-divider\">\n\t\t\t<span class=\"elementor-divider-separator\">\n\t\t\t\t\t\t<\/span>\n\t\t<\/div>\n\t\t\t\t<\/div>\n\t\t\t\t<\/div>\n\t\t\t\t<div class=\"elementor-element elementor-element-6581bfb elementor-widget elementor-widget-heading\" data-id=\"6581bfb\" data-element_type=\"widget\" data-widget_type=\"heading.default\">\n\t\t\t\t<div class=\"elementor-widget-container\">\n\t\t\t<h2 class=\"elementor-heading-title elementor-size-default\">Histoire<\/h2>\t\t<\/div>\n\t\t\t\t<\/div>\n\t\t\t\t\t<\/div>\n\t\t<\/div>\n\t\t\t\t\t<\/div>\n\t\t<\/section>\n\t\t\t\t<section class=\"elementor-section elementor-top-section elementor-element elementor-element-2095ec6 elementor-section-boxed elementor-section-height-default elementor-section-height-default\" data-id=\"2095ec6\" data-element_type=\"section\">\n\t\t\t\t\t\t<div class=\"elementor-container elementor-column-gap-default\">\n\t\t\t\t\t<div class=\"elementor-column elementor-col-100 elementor-top-column elementor-element elementor-element-3d5f591\" data-id=\"3d5f591\" data-element_type=\"column\">\n\t\t\t<div class=\"elementor-widget-wrap elementor-element-populated\">\n\t\t\t\t\t\t<div class=\"elementor-element elementor-element-091f0a4 elementor-widget elementor-widget-spacer\" data-id=\"091f0a4\" data-element_type=\"widget\" data-widget_type=\"spacer.default\">\n\t\t\t\t<div class=\"elementor-widget-container\">\n\t\t\t\t\t<div class=\"elementor-spacer\">\n\t\t\t<div class=\"elementor-spacer-inner\"><\/div>\n\t\t<\/div>\n\t\t\t\t<\/div>\n\t\t\t\t<\/div>\n\t\t\t\t\t<\/div>\n\t\t<\/div>\n\t\t\t\t\t<\/div>\n\t\t<\/section>\n\t\t\t\t<section class=\"elementor-section elementor-top-section elementor-element elementor-element-b3642bf elementor-section-boxed elementor-section-height-default elementor-section-height-default\" data-id=\"b3642bf\" data-element_type=\"section\">\n\t\t\t\t\t\t<div class=\"elementor-container elementor-column-gap-default\">\n\t\t\t\t\t<div class=\"elementor-column elementor-col-50 elementor-top-column elementor-element elementor-element-f7bc4f8\" data-id=\"f7bc4f8\" data-element_type=\"column\">\n\t\t\t<div class=\"elementor-widget-wrap elementor-element-populated\">\n\t\t\t\t\t\t<div class=\"elementor-element elementor-element-cfe6442 elementor-widget elementor-widget-image\" data-id=\"cfe6442\" data-element_type=\"widget\" data-widget_type=\"image.default\">\n\t\t\t\t<div class=\"elementor-widget-container\">\n\t\t\t\t\t\t\t\t\t\t\t\t\t<img fetchpriority=\"high\" width=\"1024\" height=\"682\" src=\"https:\/\/elia-equitation.fr\/wp-content\/uploads\/2022\/01\/IMG_0370-1024x682.jpg\" class=\"attachment-large size-large wp-image-588\" alt=\"\" srcset=\"https:\/\/elia-equitation.fr\/wp-content\/uploads\/2022\/01\/IMG_0370-1024x682.jpg 1024w, https:\/\/elia-equitation.fr\/wp-content\/uploads\/2022\/01\/IMG_0370-300x200.jpg 300w, https:\/\/elia-equitation.fr\/wp-content\/uploads\/2022\/01\/IMG_0370-768x512.jpg 768w, https:\/\/elia-equitation.fr\/wp-content\/uploads\/2022\/01\/IMG_0370-1536x1024.jpg 1536w, https:\/\/elia-equitation.fr\/wp-content\/uploads\/2022\/01\/IMG_0370-930x620.jpg 930w, https:\/\/elia-equitation.fr\/wp-content\/uploads\/2022\/01\/IMG_0370.jpg 1622w\" sizes=\"(max-width: 1024px) 100vw, 1024px\" \/>\t\t\t\t\t\t\t\t\t\t\t\t\t<\/div>\n\t\t\t\t<\/div>\n\t\t\t\t\t<\/div>\n\t\t<\/div>\n\t\t\t\t<div class=\"elementor-column elementor-col-50 elementor-top-column elementor-element elementor-element-4840d04\" data-id=\"4840d04\" data-element_type=\"column\">\n\t\t\t<div class=\"elementor-widget-wrap elementor-element-populated\">\n\t\t\t\t\t\t<div class=\"elementor-element elementor-element-a515243 elementor-widget elementor-widget-text-editor\" data-id=\"a515243\" data-element_type=\"widget\" data-widget_type=\"text-editor.default\">\n\t\t\t\t<div class=\"elementor-widget-container\">\n\t\t\t\t\t\t\t<p><strong>Le centre \u00e9questre existe depuis plus de 20 ans<\/strong>, il a \u00e9volu\u00e9 au fil du temps, d\u00e9velopper ses installations et \u00e9largit son champ d\u2019activit\u00e9. Les disciplines et les niveaux se sont diversifi\u00e9s : saut d\u2019obstacles, dressage, Horse-ball, baby-poney,\u2026<span class=\"Apple-converted-space\">&nbsp; <\/span>Il compte aujourd\u2019hui plus de 200 licenci\u00e9s de tous \u00e2ges et de tous horizons !<\/p>\t\t\t\t\t\t<\/div>\n\t\t\t\t<\/div>\n\t\t\t\t<div class=\"elementor-element elementor-element-e9fc083 elementor-mobile-align-center elementor-widget elementor-widget-button\" data-id=\"e9fc083\" data-element_type=\"widget\" data-widget_type=\"button.default\">\n\t\t\t\t<div class=\"elementor-widget-container\">\n\t\t\t\t\t<div class=\"elementor-button-wrapper\">\n\t\t\t<a class=\"elementor-button elementor-button-link elementor-size-sm\" href=\"https:\/\/elia-equitation.fr\/?page_id=107\">\n\t\t\t\t\t\t<span class=\"elementor-button-content-wrapper\">\n\t\t\t\t\t\t\t\t\t<span class=\"elementor-button-text\">Enseignement<\/span>\n\t\t\t\t\t<\/span>\n\t\t\t\t\t<\/a>\n\t\t<\/div>\n\t\t\t\t<\/div>\n\t\t\t\t<\/div>\n\t\t\t\t\t<\/div>\n\t\t<\/div>\n\t\t\t\t\t<\/div>\n\t\t<\/section>\n\t\t\t\t<section class=\"elementor-section elementor-top-section elementor-element elementor-element-e8839aa elementor-section-boxed elementor-section-height-default elementor-section-height-default\" data-id=\"e8839aa\" data-element_type=\"section\">\n\t\t\t\t\t\t<div class=\"elementor-container elementor-column-gap-default\">\n\t\t\t\t\t<div class=\"elementor-column elementor-col-100 elementor-top-column elementor-element elementor-element-5beebce\" data-id=\"5beebce\" data-element_type=\"column\">\n\t\t\t<div class=\"elementor-widget-wrap elementor-element-populated\">\n\t\t\t\t\t\t<div class=\"elementor-element elementor-element-3190d0a elementor-widget elementor-widget-image\" data-id=\"3190d0a\" data-element_type=\"widget\" data-widget_type=\"image.default\">\n\t\t\t\t<div class=\"elementor-widget-container\">\n\t\t\t\t\t\t\t\t\t\t\t\t\t<img width=\"1024\" height=\"282\" src=\"https:\/\/elia-equitation.fr\/wp-content\/uploads\/2022\/06\/Capture-decran-2022-06-23-a-11.56.56-1024x282.png\" class=\"attachment-large size-large wp-image-1815\" alt=\"\" srcset=\"https:\/\/elia-equitation.fr\/wp-content\/uploads\/2022\/06\/Capture-decran-2022-06-23-a-11.56.56-1024x282.png 1024w, https:\/\/elia-equitation.fr\/wp-content\/uploads\/2022\/06\/Capture-decran-2022-06-23-a-11.56.56-300x83.png 300w, https:\/\/elia-equitation.fr\/wp-content\/uploads\/2022\/06\/Capture-decran-2022-06-23-a-11.56.56-768x211.png 768w, https:\/\/elia-equitation.fr\/wp-content\/uploads\/2022\/06\/Capture-decran-2022-06-23-a-11.56.56-1536x422.png 1536w, https:\/\/elia-equitation.fr\/wp-content\/uploads\/2022\/06\/Capture-decran-2022-06-23-a-11.56.56.png 1738w\" sizes=\"(max-width: 1024px) 100vw, 1024px\" \/>\t\t\t\t\t\t\t\t\t\t\t\t\t<\/div>\n\t\t\t\t<\/div>\n\t\t\t\t\t<\/div>\n\t\t<\/div>\n\t\t\t\t\t<\/div>\n\t\t<\/section>\n\t\t\t\t<section class=\"elementor-section elementor-top-section elementor-element elementor-element-a384157 elementor-section-boxed elementor-section-height-default elementor-section-height-default\" data-id=\"a384157\" data-element_type=\"section\">\n\t\t\t\t\t\t<div class=\"elementor-container elementor-column-gap-default\">\n\t\t\t\t\t<div class=\"elementor-column elementor-col-50 elementor-top-column elementor-element elementor-element-fb060b8\" data-id=\"fb060b8\" data-element_type=\"column\">\n\t\t\t<div class=\"elementor-widget-wrap elementor-element-populated\">\n\t\t\t\t\t\t<div class=\"elementor-element elementor-element-d200c75 elementor-widget elementor-widget-text-editor\" data-id=\"d200c75\" data-element_type=\"widget\" data-widget_type=\"text-editor.default\">\n\t\t\t\t<div class=\"elementor-widget-container\">\n\t\t\t\t\t\t\t<p><strong>Que se cache-t\u2019il derri\u00e8re le nom ELIA ?<\/strong><\/p><p>Il s\u2019agit d\u2019un nom compos\u00e9 exclusivement avec la premi\u00e8re lettre de chacun des pr\u00e9noms des enfants d\u2019Emilie et Jason, et ce, par ordre de naissance.<\/p>\t\t\t\t\t\t<\/div>\n\t\t\t\t<\/div>\n\t\t\t\t<div class=\"elementor-element elementor-element-1436b7f elementor-widget elementor-widget-image\" data-id=\"1436b7f\" data-element_type=\"widget\" data-widget_type=\"image.default\">\n\t\t\t\t<div class=\"elementor-widget-container\">\n\t\t\t\t\t\t\t\t\t\t\t\t\t<img width=\"402\" height=\"614\" src=\"https:\/\/elia-equitation.fr\/wp-content\/uploads\/2022\/06\/Capture-decran-2022-06-23-a-11.56.42.png\" class=\"attachment-large size-large wp-image-1814\" alt=\"\" srcset=\"https:\/\/elia-equitation.fr\/wp-content\/uploads\/2022\/06\/Capture-decran-2022-06-23-a-11.56.42.png 402w, https:\/\/elia-equitation.fr\/wp-content\/uploads\/2022\/06\/Capture-decran-2022-06-23-a-11.56.42-196x300.png 196w\" sizes=\"(max-width: 402px) 100vw, 402px\" \/>\t\t\t\t\t\t\t\t\t\t\t\t\t<\/div>\n\t\t\t\t<\/div>\n\t\t\t\t\t<\/div>\n\t\t<\/div>\n\t\t\t\t<div class=\"elementor-column elementor-col-50 elementor-top-column elementor-element elementor-element-42323d0\" data-id=\"42323d0\" data-element_type=\"column\">\n\t\t\t<div class=\"elementor-widget-wrap elementor-element-populated\">\n\t\t\t\t\t\t<div class=\"elementor-element elementor-element-d3a10ca elementor-widget elementor-widget-image\" data-id=\"d3a10ca\" data-element_type=\"widget\" data-widget_type=\"image.default\">\n\t\t\t\t<div class=\"elementor-widget-container\">\n\t\t\t\t\t\t\t\t\t\t\t\t\t<img loading=\"lazy\" width=\"1024\" height=\"683\" src=\"https:\/\/elia-equitation.fr\/wp-content\/uploads\/2022\/01\/IMG_3558-1024x683.jpg\" class=\"attachment-large size-large wp-image-581\" alt=\"\" srcset=\"https:\/\/elia-equitation.fr\/wp-content\/uploads\/2022\/01\/IMG_3558-1024x683.jpg 1024w, https:\/\/elia-equitation.fr\/wp-content\/uploads\/2022\/01\/IMG_3558-300x200.jpg 300w, https:\/\/elia-equitation.fr\/wp-content\/uploads\/2022\/01\/IMG_3558-768x513.jpg 768w, https:\/\/elia-equitation.fr\/wp-content\/uploads\/2022\/01\/IMG_3558-930x620.jpg 930w, https:\/\/elia-equitation.fr\/wp-content\/uploads\/2022\/01\/IMG_3558.jpg 1242w\" sizes=\"(max-width: 1024px) 100vw, 1024px\" \/>\t\t\t\t\t\t\t\t\t\t\t\t\t<\/div>\n\t\t\t\t<\/div>\n\t\t\t\t<div class=\"elementor-element elementor-element-84bfe30 elementor-widget elementor-widget-text-editor\" data-id=\"84bfe30\" data-element_type=\"widget\" data-widget_type=\"text-editor.default\">\n\t\t\t\t<div class=\"elementor-widget-container\">\n\t\t\t\t\t\t\t<p><img draggable=\"false\" role=\"img\" class=\"emoji\" alt=\"\u2b06\ufe0f\" src=\"https:\/\/s.w.org\/images\/core\/emoji\/14.0.0\/svg\/2b06.svg\"> Vous les reconnaissez ? Les m\u00eames cavaliers, (presque) les m\u00eames chevaux, seulement&nbsp;les ann\u00e9es s\u00e9parent ces deux photos ! <img draggable=\"false\" role=\"img\" class=\"emoji\" alt=\"\u2b07\ufe0f\" src=\"https:\/\/s.w.org\/images\/core\/emoji\/14.0.0\/svg\/2b07.svg\"> &nbsp;&nbsp;<\/p>\t\t\t\t\t\t<\/div>\n\t\t\t\t<\/div>\n\t\t\t\t<div class=\"elementor-element elementor-element-fc65b8c elementor-widget elementor-widget-image\" data-id=\"fc65b8c\" data-element_type=\"widget\" data-widget_type=\"image.default\">\n\t\t\t\t<div class=\"elementor-widget-container\">\n\t\t\t\t\t\t\t\t\t\t\t\t\t<img loading=\"lazy\" width=\"1024\" height=\"683\" src=\"https:\/\/elia-equitation.fr\/wp-content\/uploads\/2022\/01\/IMG_9839-1024x683.jpg\" class=\"attachment-large size-large wp-image-580\" alt=\"\" srcset=\"https:\/\/elia-equitation.fr\/wp-content\/uploads\/2022\/01\/IMG_9839-1024x683.jpg 1024w, https:\/\/elia-equitation.fr\/wp-content\/uploads\/2022\/01\/IMG_9839-300x200.jpg 300w, https:\/\/elia-equitation.fr\/wp-content\/uploads\/2022\/01\/IMG_9839-768x512.jpg 768w, https:\/\/elia-equitation.fr\/wp-content\/uploads\/2022\/01\/IMG_9839-1536x1024.jpg 1536w, https:\/\/elia-equitation.fr\/wp-content\/uploads\/2022\/01\/IMG_9839-930x620.jpg 930w, https:\/\/elia-equitation.fr\/wp-content\/uploads\/2022\/01\/IMG_9839.jpg 1687w\" sizes=\"(max-width: 1024px) 100vw, 1024px\" \/>\t\t\t\t\t\t\t\t\t\t\t\t\t<\/div>\n\t\t\t\t<\/div>\n\t\t\t\t\t<\/div>\n\t\t<\/div>\n\t\t\t\t\t<\/div>\n\t\t<\/section>\n\t\t\t\t<section class=\"elementor-section elementor-top-section elementor-element elementor-element-583757c elementor-section-boxed elementor-section-height-default elementor-section-height-default\" data-id=\"583757c\" data-element_type=\"section\">\n\t\t\t\t\t\t<div class=\"elementor-container elementor-column-gap-default\">\n\t\t\t\t\t<div class=\"elementor-column elementor-col-100 elementor-top-column elementor-element elementor-element-a4f6b48\" data-id=\"a4f6b48\" data-element_type=\"column\">\n\t\t\t<div class=\"elementor-widget-wrap elementor-element-populated\">\n\t\t\t\t\t\t<div class=\"elementor-element elementor-element-fbf45b1 elementor-widget elementor-widget-spacer\" data-id=\"fbf45b1\" data-element_type=\"widget\" data-widget_type=\"spacer.default\">\n\t\t\t\t<div class=\"elementor-widget-container\">\n\t\t\t\t\t<div class=\"elementor-spacer\">\n\t\t\t<div class=\"elementor-spacer-inner\"><\/div>\n\t\t<\/div>\n\t\t\t\t<\/div>\n\t\t\t\t<\/div>\n\t\t\t\t<div class=\"elementor-element elementor-element-c3a4497 elementor-arrows-position-inside elementor-pagination-position-outside elementor-widget elementor-widget-image-carousel\" data-id=\"c3a4497\" data-element_type=\"widget\" data-settings=\"{&quot;navigation&quot;:&quot;both&quot;,&quot;autoplay&quot;:&quot;yes&quot;,&quot;pause_on_hover&quot;:&quot;yes&quot;,&quot;pause_on_interaction&quot;:&quot;yes&quot;,&quot;autoplay_speed&quot;:5000,&quot;infinite&quot;:&quot;yes&quot;,&quot;speed&quot;:500}\" data-widget_type=\"image-carousel.default\">\n\t\t\t\t<div class=\"elementor-widget-container\">\n\t\t\t\t\t<div class=\"elementor-image-carousel-wrapper swiper\" dir=\"ltr\">\n\t\t\t<div class=\"elementor-image-carousel swiper-wrapper\" aria-live=\"off\">\n\t\t\t\t\t\t\t\t<div class=\"swiper-slide\" role=\"group\" aria-roledescription=\"slide\" aria-label=\"1 sur 4\"><figure class=\"swiper-slide-inner\"><img class=\"swiper-slide-image\" src=\"https:\/\/elia-equitation.fr\/wp-content\/uploads\/2022\/05\/12036478_1029534187113102_4252885455753802970_n.jpg\" alt=\"12036478_1029534187113102_4252885455753802970_n\" \/><\/figure><\/div><div class=\"swiper-slide\" role=\"group\" aria-roledescription=\"slide\" aria-label=\"2 sur 4\"><figure class=\"swiper-slide-inner\"><img class=\"swiper-slide-image\" src=\"https:\/\/elia-equitation.fr\/wp-content\/uploads\/2022\/05\/82607732_2639890106077494_3273807846071861248_n.jpg\" alt=\"82607732_2639890106077494_3273807846071861248_n\" \/><\/figure><\/div><div class=\"swiper-slide\" role=\"group\" aria-roledescription=\"slide\" aria-label=\"3 sur 4\"><figure class=\"swiper-slide-inner\"><img class=\"swiper-slide-image\" src=\"https:\/\/elia-equitation.fr\/wp-content\/uploads\/2022\/05\/10442398_669061776493680_7396871916500685605_n.jpg\" alt=\"10442398_669061776493680_7396871916500685605_n\" \/><\/figure><\/div><div class=\"swiper-slide\" role=\"group\" aria-roledescription=\"slide\" aria-label=\"4 sur 4\"><figure class=\"swiper-slide-inner\"><img class=\"swiper-slide-image\" src=\"https:\/\/elia-equitation.fr\/wp-content\/uploads\/2022\/06\/Sans-titre.jpg\" alt=\"Sans titre\" \/><\/figure><\/div>\t\t\t<\/div>\n\t\t\t\t\t\t\t\t\t\t\t\t<div class=\"elementor-swiper-button elementor-swiper-button-prev\" role=\"button\" tabindex=\"0\">\n\t\t\t\t\t\t<i aria-hidden=\"true\" class=\"eicon-chevron-left\"><\/i>\t\t\t\t\t<\/div>\n\t\t\t\t\t<div class=\"elementor-swiper-button elementor-swiper-button-next\" role=\"button\" tabindex=\"0\">\n\t\t\t\t\t\t<i aria-hidden=\"true\" class=\"eicon-chevron-right\"><\/i>\t\t\t\t\t<\/div>\n\t\t\t\t\n\t\t\t\t\t\t\t\t\t<div class=\"swiper-pagination\"><\/div>\n\t\t\t\t\t\t\t\t\t<\/div>\n\t\t\t\t<\/div>\n\t\t\t\t<\/div>\n\t\t\t\t<div class=\"elementor-element elementor-element-e1e9f76 elementor-widget elementor-widget-spacer\" data-id=\"e1e9f76\" data-element_type=\"widget\" data-widget_type=\"spacer.default\">\n\t\t\t\t<div class=\"elementor-widget-container\">\n\t\t\t\t\t<div class=\"elementor-spacer\">\n\t\t\t<div class=\"elementor-spacer-inner\"><\/div>\n\t\t<\/div>\n\t\t\t\t<\/div>\n\t\t\t\t<\/div>\n\t\t\t\t\t<\/div>\n\t\t<\/div>\n\t\t\t\t\t<\/div>\n\t\t<\/section>\n\t\t\t\t<\/div>\n\t\t","protected":false},"excerpt":{"rendered":"<p>ELIA \u00c9QUITATION Histoire Le centre \u00e9questre existe depuis plus de 20 ans, il a \u00e9volu\u00e9 au fil du temps, d\u00e9velopper ses installations et \u00e9largit son champ d\u2019activit\u00e9. Les disciplines et&hellip;&nbsp;<a href=\"https:\/\/elia-equitation.fr\/?page_id=103\" rel=\"bookmark\">Lire la suite &raquo;<span class=\"screen-reader-text\">Histoire<\/span><\/a><\/p>\n","protected":false},"author":1,"featured_media":0,"parent":0,"menu_order":0,"comment_status":"closed","ping_status":"closed","template":"page-templates\/template-pagebuilder-full-width.php","meta":{"neve_meta_sidebar":"","neve_meta_container":"","neve_meta_enable_content_width":"","neve_meta_content_width":0,"neve_meta_title_alignment":"","neve_meta_author_avatar":"","neve_post_elements_order":"","neve_meta_disable_header":"","neve_meta_disable_footer":"","neve_meta_disable_title":"","_EventAllDay":false,"_EventTimezone":"","_EventStartDate":"","_EventEndDate":"","_EventStartDateUTC":"","_EventEndDateUTC":"","_EventShowMap":false,"_EventShowMapLink":false,"_EventURL":"","_EventCost":"","_EventCostDescription":"","_EventCurrencySymbol":"","_EventCurrencyCode":"","_EventCurrencyPosition":"","_EventDateTimeSeparator":"","_EventTimeRangeSeparator":"","_EventOrganizerID":[],"_EventVenueID":0,"_OrganizerEmail":"","_OrganizerPhone":"","_OrganizerWebsite":"","_VenueAddress":"","_VenueCity":"","_VenueCountry":"","_VenueProvince":"","_VenueZip":"","_VenuePhone":"","_VenueURL":"","_VenueStateProvince":"","_VenueLat":"","_VenueLng":""},"_links":{"self":[{"href":"https:\/\/elia-equitation.fr\/index.php?rest_route=\/wp\/v2\/pages\/103"}],"collection":[{"href":"https:\/\/elia-equitation.fr\/index.php?rest_route=\/wp\/v2\/pages"}],"about":[{"href":"https:\/\/elia-equitation.fr\/index.php?rest_route=\/wp\/v2\/types\/page"}],"author":[{"embeddable":true,"href":"https:\/\/elia-equitation.fr\/index.php?rest_route=\/wp\/v2\/users\/1"}],"replies":[{"embeddable":true,"href":"https:\/\/elia-equitation.fr\/index.php?rest_route=%2Fwp%2Fv2%2Fcomments&post=103"}],"version-history":[{"count":64,"href":"https:\/\/elia-equitation.fr\/index.php?rest_route=\/wp\/v2\/pages\/103\/revisions"}],"predecessor-version":[{"id":2172,"href":"https:\/\/elia-equitation.fr\/index.php?rest_route=\/wp\/v2\/pages\/103\/revisions\/2172"}],"wp:attachment":[{"href":"https:\/\/elia-equitation.fr\/index.php?rest_route=%2Fwp%2Fv2%2Fmedia&parent=103"}],"curies":[{"name":"wp","href":"https:\/\/api.w.org\/{rel}","templated":true}]}}